{"id":1372,"date":"2025-05-19T14:16:46","date_gmt":"2025-05-19T14:16:46","guid":{"rendered":"https:\/\/paredinsights.org\/kontakt\/"},"modified":"2025-05-19T14:16:57","modified_gmt":"2025-05-19T14:16:57","slug":"kontakt","status":"publish","type":"page","link":"https:\/\/paredinsights.org\/de\/kontakt\/","title":{"rendered":"Kontakt"},"content":{"rendered":"<div id=\"cs-content\" class=\"cs-content\"><\/div>\n","protected":false},"excerpt":{"rendered":"<p>Kontakt Sind Sie an einer Zusammenarbeit mit uns interessiert? Oder m\u00f6chten Sie mehr dar\u00fcber erfahren, wer wir sind und was wir tun? Schicken Sie uns eine Nachricht &#8211; wir w\u00fcrden uns freuen, von Ihnen zu h\u00f6ren. Senden Sie uns eine Nachricht PARED Insights @ Alle Rechte vorbehalten. 2024.<\/p>\n","protected":false},"author":1,"featured_media":0,"parent":0,"menu_order":0,"comment_status":"closed","ping_status":"closed","template":"template-blank-4.php","meta":{"_acf_changed":false,"footnotes":""},"class_list":["post-1372","page","type-page","status-publish","hentry","no-post-thumbnail"],"featured_image_src":null,"acf":[],"_links":{"self":[{"href":"https:\/\/paredinsights.org\/de\/wp-json\/wp\/v2\/pages\/1372","targetHints":{"allow":["GET"]}}],"collection":[{"href":"https:\/\/paredinsights.org\/de\/wp-json\/wp\/v2\/pages"}],"about":[{"href":"https:\/\/paredinsights.org\/de\/wp-json\/wp\/v2\/types\/page"}],"author":[{"embeddable":true,"href":"https:\/\/paredinsights.org\/de\/wp-json\/wp\/v2\/users\/1"}],"replies":[{"embeddable":true,"href":"https:\/\/paredinsights.org\/de\/wp-json\/wp\/v2\/comments?post=1372"}],"version-history":[{"count":1,"href":"https:\/\/paredinsights.org\/de\/wp-json\/wp\/v2\/pages\/1372\/revisions"}],"predecessor-version":[{"id":1376,"href":"https:\/\/paredinsights.org\/de\/wp-json\/wp\/v2\/pages\/1372\/revisions\/1376"}],"wp:attachment":[{"href":"https:\/\/paredinsights.org\/de\/wp-json\/wp\/v2\/media?parent=1372"}],"curies":[{"name":"wp","href":"https:\/\/api.w.org\/{rel}","templated":true}]}}