{"id":1375,"date":"2025-05-19T14:16:50","date_gmt":"2025-05-19T14:16:50","guid":{"rendered":"https:\/\/paredinsights.org\/ueber-uns\/"},"modified":"2025-05-19T17:16:54","modified_gmt":"2025-05-19T17:16:54","slug":"ueber-uns","status":"publish","type":"page","link":"https:\/\/paredinsights.org\/de\/ueber-uns\/","title":{"rendered":"\u00dcber uns"},"content":{"rendered":"<div id=\"cs-content\" class=\"cs-content\"><\/div>\n","protected":false},"excerpt":{"rendered":"<p>\u00dcber PARED Insights Erzielen Sie bessere Studienergebnisse durch patientenorientiertes Studiendesign mit PARED Insights. F\u00fcr Forschungskoordinatoren und Studiensponsoren, die die Harn- und Beckengesundheit von Frauen untersuchen. LeistungenUnser Ziel ist es, die Gesundheit von Frauen durch die Umsetzung eines patientenzentrierten Ansatzes bei Studiendesign und Rekrutierung zu f\u00f6rdern. Live UTI Free Ltd. ist eine der weltweit gr\u00f6\u00dften Gemeinschaften, die sich mit der Aufkl\u00e4rung &#8230; <\/p>\n<div><a href=\"https:\/\/paredinsights.org\/de\/ueber-uns\/\" class=\"more-link\">Mehr lesen<\/a><\/div>\n","protected":false},"author":1,"featured_media":0,"parent":0,"menu_order":0,"comment_status":"closed","ping_status":"closed","template":"template-blank-4.php","meta":{"_acf_changed":false,"footnotes":""},"class_list":["post-1375","page","type-page","status-publish","hentry","no-post-thumbnail"],"featured_image_src":null,"acf":[],"_links":{"self":[{"href":"https:\/\/paredinsights.org\/de\/wp-json\/wp\/v2\/pages\/1375","targetHints":{"allow":["GET"]}}],"collection":[{"href":"https:\/\/paredinsights.org\/de\/wp-json\/wp\/v2\/pages"}],"about":[{"href":"https:\/\/paredinsights.org\/de\/wp-json\/wp\/v2\/types\/page"}],"author":[{"embeddable":true,"href":"https:\/\/paredinsights.org\/de\/wp-json\/wp\/v2\/users\/1"}],"replies":[{"embeddable":true,"href":"https:\/\/paredinsights.org\/de\/wp-json\/wp\/v2\/comments?post=1375"}],"version-history":[{"count":1,"href":"https:\/\/paredinsights.org\/de\/wp-json\/wp\/v2\/pages\/1375\/revisions"}],"predecessor-version":[{"id":1379,"href":"https:\/\/paredinsights.org\/de\/wp-json\/wp\/v2\/pages\/1375\/revisions\/1379"}],"wp:attachment":[{"href":"https:\/\/paredinsights.org\/de\/wp-json\/wp\/v2\/media?parent=1375"}],"curies":[{"name":"wp","href":"https:\/\/api.w.org\/{rel}","templated":true}]}}