{"id":1389,"date":"2025-05-19T14:17:26","date_gmt":"2025-05-19T14:17:26","guid":{"rendered":"https:\/\/paredinsights.org\/datenschutzbestimmungen\/"},"modified":"2025-05-19T14:17:31","modified_gmt":"2025-05-19T14:17:31","slug":"datenschutzbestimmungen","status":"publish","type":"page","link":"https:\/\/paredinsights.org\/de\/datenschutzbestimmungen\/","title":{"rendered":"Datenschutzbestimmungen"},"content":{"rendered":"\n<h2 class=\"wp-block-heading\">Cookie &amp; Datenschutzrichtlinie<\/h2>\n\n<p>Definitionen<\/p>\n\n<p>&#8222;Pared Insights&#8220; bedeutet &#8211; https:\/\/paredinsights.org<\/p>\n\n<p>&#8222;Website&#8220;, &#8222;Service&#8220; &#8211; bedeutet https:\/\/paredinsights.org<\/p>\n\n<p>&#8222;Nutzer&#8220;, &#8222;Sie&#8220;, &#8222;Ihr&#8220;, &#8222;Ihr&#8220; &#8211; bezeichnet die Person\/en, Firma, das Unternehmen oder die Organisation, die auf die Website zugreift.<\/p>\n\n<p>&#8222;Wir&#8220;, &#8222;uns&#8220;, &#8222;unser&#8220;, &#8222;unser Team&#8220; &#8211; bedeutet Patient-centred Research and Data Insights Ltd (PARED Insights)  <\/p>\n\n<p>Bitte lesen Sie diese Datenschutzrichtlinie sorgf\u00e4ltig durch. Indem Sie den Service besuchen und nutzen, erkl\u00e4ren Sie sich damit einverstanden, dass Ihre Nutzung unseres Service und alle Streitigkeiten \u00fcber den Datenschutz durch diese Datenschutzrichtlinie geregelt werden.   <\/p>\n\n<p>Wir k\u00f6nnen Ihre E-Mail-Adresse und alle anderen Informationen, die Sie \u00fcber Formulare auf unserer Website angeben, mit denen Sie sich anmelden oder Informationen anfordern k\u00f6nnen, erfassen und speichern. Diese Informationen k\u00f6nnen unter anderem Angaben wie Ihren Namen und Ihre E-Mail-Adresse enthalten. Wenn Sie uns aus irgendeinem Grund kontaktieren, k\u00f6nnen wir Aufzeichnungen \u00fcber diese Korrespondenz f\u00fchren.    <\/p>\n\n<p>Wenn Sie sich f\u00fcr einen unserer kostenlosen E-Mail-Dienste angemeldet haben, verwenden wir die von Ihnen angegebenen Daten, um Ihnen diese E-Mails zu senden. Sollten Sie sich jederzeit wieder abmelden wollen, finden Sie in jeder E-Mail eine Anleitung, wie Sie dies tun k\u00f6nnen. Wir verwenden Mailchimp f\u00fcr unseren E-Mail-Service. Sie k\u00f6nnen die <a href=\"https:\/\/mailchimp.com\/legal\/privacy\/\" target=\"_blank\" rel=\"noreferrer noopener\">Datenschutzbestimmungen von Mailchimp<\/a> einsehen.  <\/p>\n\n<p>Wenn Sie uns \u00fcber unser Kontaktformular eine Nachricht senden, werden Ihre Nachricht, der Name und die E-Mail-Adresse, die Sie angeben, sowie alle zuk\u00fcnftigen Antworten in Help Scout gespeichert, dem Tool, mit dem wir auf alle Nachrichten antworten. Sie k\u00f6nnen mehr \u00fcber die <a href=\"https:\/\/www.helpscout.net\/company\/legal\/privacy\/\" target=\"_blank\" rel=\"noreferrer noopener\">Datenschutzbestimmungen von Help Scout<\/a> lesen. <\/p>\n\n<p>Wenn Sie uns Informationen \u00fcber ein Popup-Formular auf unserer Website \u00fcbermitteln, werden die gesammelten Informationen von Getsitecontrol gespeichert und an uns weitergeleitet. Sie k\u00f6nnen die <a href=\"https:\/\/getsitecontrol.com\/privacy\/\" target=\"_blank\" rel=\"noreferrer noopener\">Datenschutzrichtlinie von Getsitecontrol<\/a> einsehen. <\/p>\n\n<p>Unser Team, unsere Partner oder Sponsoren k\u00f6nnen Sie auch bitten, Umfragen oder Informationen zu Forschungs- oder Meinungszwecken auszuf\u00fcllen. Sie haben das Recht, auf diese Anfragen nicht zu antworten. <\/p>\n\n<p>Ihre pers\u00f6nlich identifizierbaren Daten werden nicht ver\u00f6ffentlicht, verkauft, gehandelt oder an Dritte weitergegeben. Alle pers\u00f6nlich identifizierbaren Daten, die Sie \u00fcber unsere Website zur Verf\u00fcgung stellen, einschlie\u00dflich aller Quiz- oder Fragebogeneinsendungen, werden in einer sicheren Datenbank gespeichert.   <\/p>\n\n<p>Anonyme Quiz- oder Fragebogendaten, d.h. Antworten, die von pers\u00f6nlich identifizierbaren Informationen getrennt wurden, k\u00f6nnen zur weiteren Erforschung der Patientenperspektive bei wiederkehrenden Harnwegsinfektionen und chronischen Harnwegserkrankungen verwendet werden. In Zukunft k\u00f6nnen anonymisierte Daten als Teil unserer umfassenderen Forschung ver\u00f6ffentlicht werden, und wir k\u00f6nnen aggregierte anonyme Daten verwenden, um Organisationen zu unterst\u00fctzen, von denen wir glauben, dass sie im besten Interesse von Patienten mit rezidivierenden und chronischen Harnwegserkrankungen arbeiten. <\/p>\n\n<p>Wir k\u00f6nnen Informationen \u00fcber die Einzelheiten Ihrer Besuche auf unserer Website speichern, um die Benutzerfreundlichkeit unserer Website zu verbessern.<\/p>\n\n<p>Durch die Nutzung unserer Website erkl\u00e4ren Sie sich mit der Erfassung und Nutzung dieser Informationen durch PARED Insights einverstanden. Sollten sich unsere Datenschutzrichtlinien \u00e4ndern, werden wir diese \u00c4nderungen auf unserer Website ver\u00f6ffentlichen. <\/p>\n\n<p><strong>COOKIES<\/strong><\/p>\n\n<p><strong>Zuletzt aktualisiert: <\/strong><strong>1 November, 2023<\/strong><\/p>\n\n<p>PARED Insights (&#8222;wir&#8220;, &#8222;wir&#8220; oder &#8222;unser&#8220;) verwendet Cookies auf unserer Website (der &#8222;Service&#8220;), um nicht-personenbezogene Daten zu sammeln, einschlie\u00dflich Standard-Internetprotokolldaten und Verhaltensmuster. Wir tun dies, um Ihnen ein besseres Erlebnis zu bieten, Trends zu analysieren und unsere Website zu verbessern. Durch die Nutzung des Dienstes erkl\u00e4ren Sie sich mit der Verwendung von Cookies einverstanden.  <\/p>\n\n<p>Cookies sind kleine Datendateien, die \u00fcber Ihren Webbrowser auf Ihren Computer, Ihr Tablet oder Ihr Mobiltelefon \u00fcbertragen werden, wenn Sie eine Website besuchen. Eine Cookie-Datei wird in Ihrem Webbrowser gespeichert und erm\u00f6glicht es dem Dienst oder einem Dritten, Sie zu erkennen und Ihren n\u00e4chsten Besuch zu erleichtern und den Dienst f\u00fcr Sie n\u00fctzlicher zu machen. <\/p>\n\n<p><strong>Wie wir Cookies verwenden<\/strong><\/p>\n\n<p>Wenn Sie den Service nutzen und darauf zugreifen, k\u00f6nnen wir eine Reihe von Cookie-Dateien in Ihrem Webbrowser ablegen.<\/p>\n\n<p>Wir verwenden Cookies von Drittanbietern f\u00fcr die folgenden Zwecke: um bestimmte Funktionen des Dienstes zu erm\u00f6glichen und um Analysen zu erstellen. Diese Drittanbieter-Cookies melden die Nutzung und die Nutzungsstatistiken des Dienstes auf die folgende Weise: <\/p>\n\n<p><em>Google Analytics<\/em><\/p>\n\n<p>Wir verwenden Google Analytics, um Besucherdaten zu sammeln und zu analysieren. Dazu geh\u00f6ren Informationen \u00fcber die Anzahl der Besucher, wie diese Besucher uns gefunden haben, wie lange Besucher auf unserer Website bleiben und welche Inhalte am beliebtesten sind. Diese Informationen helfen uns, unsere Website und Ihren Besuch zu verbessern, und machen die Art und Weise, wie wir Informationen weitergeben, relevanter. Weitere Informationen dar\u00fcber, wie Google die gesammelten Informationen verwendet, finden Sie in den <a href=\"https:\/\/www.google.com\/policies\/privacy\/partners\/\" target=\"_blank\" rel=\"noreferrer noopener\">Datenschutzbestimmungen<\/a> von Google.  <\/p>\n\n<p><em>Matomo<\/em><\/p>\n\n<p>Wir verwenden Matomo, um Analysen zu sammeln und um Feedback und Verhaltensmuster auf unseren Webseiten auszuwerten und zu analysieren. So k\u00f6nnen wir das Nutzerverhalten messen und beobachten und die Funktionalit\u00e4t unserer Website entsprechend verbessern. Diese Informationen werden passiv gesammelt, indem wir beobachten, wie die Besucher unserer Website durch unsere Inhalte navigieren und mit ihnen interagieren. Weitere Informationen finden Sie in der <a href=\"https:\/\/matomo.org\/privacy-policy\/\" target=\"_blank\" rel=\"noreferrer noopener\">Datenschutzrichtlinie von Matomo<\/a>.   <\/p>\n\n<p><strong>Welche M\u00f6glichkeiten haben Sie in Bezug auf Cookies?<\/strong><\/p>\n\n<p>Wenn Sie Cookies l\u00f6schen m\u00f6chten oder Ihren Webbrowser anweisen m\u00f6chten, Cookies zu l\u00f6schen oder abzulehnen, besuchen Sie bitte die Hilfeseiten Ihres Webbrowsers.<\/p>\n\n<p>Bitte beachten Sie jedoch, dass einige Funktionen unserer Website m\u00f6glicherweise nicht verf\u00fcgbar sind, wenn Sie Cookies l\u00f6schen oder deren Annahme verweigern.<\/p>\n\n<p>Sie k\u00f6nnen mehr \u00fcber Cookies erfahren, indem Sie uns besuchen:<\/p>\n\n<p>AllAboutCookies:<a href=\"http:\/\/www.allaboutcookies.org\/\" target=\"_blank\" rel=\"noreferrer noopener\"> http:\/\/www.allaboutcookies.org\/<\/a><\/p>\n\n<p><strong>Links zu anderen Websites<\/strong><\/p>\n\n<p>Unsere Website kann Hyperlinks zu anderen Websites enthalten, die nicht von uns betrieben oder kontrolliert werden. Diese Richtlinie gilt nur f\u00fcr unsere Website und wir sind nicht verantwortlich f\u00fcr den Inhalt oder die Datenschutzpraktiken von Websites Dritter. <\/p>\n\n<p><strong>Ihre Zustimmung<\/strong><\/p>\n\n<p>Durch die Nutzung unserer Website erkl\u00e4ren Sie sich mit der Erfassung und Nutzung dieser Informationen durch PARED Insights einverstanden. Wenn wir uns entscheiden, unsere Datenschutzrichtlinien zu \u00e4ndern, werden wir diese \u00c4nderungen auf unserer Website ver\u00f6ffentlichen. <\/p>\n\n<p>Wenn Sie Fragen oder Bedenken bez\u00fcglich unserer Datenschutzrichtlinie haben, nehmen Sie bitte Kontakt mit uns auf.<\/p>\n\n<p>Website Bedingungen &amp; Konditionen<\/p>\n\n<p>Definitionen<\/p>\n\n<p>&#8222;PARED Insights&#8220; bedeutet https:\/\/paredinsights.org<\/p>\n\n<p>&#8222;Website&#8220; bedeutet &#8211; https:\/\/paredinsights.org<\/p>\n\n<p>&#8222;Nutzer&#8220;, &#8222;Sie&#8220;, &#8222;Ihr&#8220;, &#8222;Ihr&#8220; &#8211; bezeichnet die Person\/en, Firma, das Unternehmen oder die Organisation, die auf die Website zugreift.<\/p>\n\n<p>&#8222;Wir&#8220;, &#8222;uns&#8220;, &#8222;unser&#8220;, &#8222;unser Team&#8220; &#8211; bedeutet Patient-centred Research and Data Insights Ltd (PARED Insights)  <\/p>\n\n<p>Ihr Vertrag wird mit Patient-centred Research and Data Insights Ltd (PARED Insights) geschlossen. Patient-centred Research and Data Insights Ltd ist im Vereinigten K\u00f6nigreich unter der Firmennummer 15174619 registriert. Ihre eingetragene Adresse ist Halifax House, 30 George St, HU1 3AJ, Vereinigtes K\u00f6nigreich.  <\/p>\n\n<p>Durch die Nutzung unserer Website erkl\u00e4ren Sie sich damit einverstanden, an diese Bedingungen gebunden zu sein und unsere Website in \u00dcbereinstimmung mit diesen Bedingungen und unserer Datenschutzrichtlinie zu nutzen. Sie erkl\u00e4ren sich damit einverstanden, unsere Website nur f\u00fcr rechtm\u00e4\u00dfige Zwecke zu nutzen. Der Zugriff auf die Website in jeglicher Art und Weise, ob automatisiert oder anderweitig, stellt eine Nutzung der Website dar und bedeutet Ihr Einverst\u00e4ndnis, an diese Bedingungen gebunden zu sein.  <\/p>\n\n<p>Wir behalten uns das Recht vor, unsere Allgemeinen Gesch\u00e4ftsbedingungen jederzeit zu \u00e4ndern, indem wir die \u00c4nderungen hier online ver\u00f6ffentlichen.<\/p>\n\n<p>Der Zugang zu unserer Website wird dem Benutzer nur vor\u00fcbergehend gestattet. Wir behalten uns das Recht vor, den von uns angebotenen Service ohne Vorank\u00fcndigung zur\u00fcckzuziehen oder zu \u00e4ndern und k\u00f6nnen nicht haftbar gemacht werden, wenn unsere Website aus irgendeinem Grund zu irgendeinem Zeitpunkt oder f\u00fcr irgendeinen Zeitraum nicht verf\u00fcgbar ist. Gelegentlich m\u00fcssen wir bei Aktualisierungen den Zugang zu einigen Teilen unserer Website einschr\u00e4nken.  <\/p>\n\n<p>Wir k\u00f6nnen nicht garantieren, dass der Inhalt dieser Website fehlerfrei ist und dass der Server frei von Viren oder Bugs ist. Wir bem\u00fchen uns, diese Website auf dem neuesten Stand zu halten, k\u00f6nnen aber keine Garantie f\u00fcr die Richtigkeit und Aktualit\u00e4t der auf ihr bereitgestellten Informationen geben.   <\/p>\n\n<p>Das gesamte Material auf dieser Website dient nur zu Ihrer Information und darf nicht als medizinischer Rat oder Anleitung verstanden werden. Sie sollten weder handeln noch unt\u00e4tig bleiben, wenn Sie sich ausschlie\u00dflich auf den Inhalt dieser Informationen st\u00fctzen. Stattdessen sollten die Besucher dieser Website in allen Fragen, die ihre Gesundheit und ihr Wohlbefinden betreffen, geeignete medizinische Fachleute konsultieren. <\/p>\n\n<p>Wir k\u00f6nnen Links zu anderen Websites anbieten, die von Dritten betrieben werden. Bitte beachten Sie, dass alle Links nur zu Ihrer Bequemlichkeit zur Verf\u00fcgung gestellt werden und dass wir, sofern nicht ausdr\u00fccklich angegeben, die Websites Dritter weder unterst\u00fctzen noch empfehlen. Wir \u00fcbernehmen keine Verantwortung f\u00fcr den Inhalt externer Websites, auf die wir verlinken, und wir unterst\u00fctzen auch nicht die Ansichten oder Aktivit\u00e4ten auf diesen Websites, da sie nur zu Ihrer Information bereitgestellt werden. Wir \u00fcbernehmen keine Verantwortung f\u00fcr Verluste oder Sch\u00e4den, die sich aus der Nutzung dieser Websites ergeben k\u00f6nnten.   <\/p>\n\n<p>Wir haften nicht f\u00fcr die Inhalte Dritter oder die Richtigkeit von Materialien, die von Ihnen oder anderen Nutzern unserer Website ver\u00f6ffentlicht werden. Wir \u00fcbernehmen keine Verantwortung daf\u00fcr, dass Sie sich auf Ratschl\u00e4ge oder Nachrichten verlassen, die von uns, anderen Besuchern, Dritten oder Ihnen selbst auf unserer Website ver\u00f6ffentlicht werden. <\/p>\n\n<p><strong>Geistige Eigentumsrechte und Urheberrecht<\/strong><\/p>\n\n<p>Das Urheberrecht an allen Informationen, Texten und Bildern auf unserer Website ist Eigentum von PARED Insights oder wurde an PARED Insights lizenziert. Diese Werke sind durch Urheberrechtsgesetze gesch\u00fctzt. <\/p>\n\n<p>Jegliche kommerzielle Nutzung oder Ver\u00f6ffentlichung aller oder einzelner Elemente auf dieser Website ist ohne vorherige Genehmigung strengstens untersagt. Insbesondere d\u00fcrfen Sie, sofern dies nicht ausdr\u00fccklich in diesen Nutzungsbedingungen oder durch eine schriftliche Genehmigung gestattet ist, kein Material von der Website ver\u00e4ndern, kopieren, reproduzieren, neu ver\u00f6ffentlichen, hochladen, posten, \u00fcbertragen, \u00fcbersetzen, verkaufen, abgeleitete Werke erstellen, verwerten oder auf irgendeine Art und Weise oder in irgendeinem Medium (einschlie\u00dflich per E-Mail oder auf anderem elektronischem Wege) verbreiten. <\/p>\n\n<p>Ihr F\u00fchrerschein f\u00fcr uns  <\/p>\n\n<p>Indem Sie Material (insbesondere Kommentare, Blogeintr\u00e4ge, Twitter-Postings, Fotos und Videos) \u00fcber die Website, Internetgruppen, soziale Medien oder an unsere Mitarbeiter per E-Mail, Text oder auf andere Weise an uns \u00fcbermitteln, erkl\u00e4ren Sie: (i) dass Sie der Eigent\u00fcmer des Materials sind oder dass Sie Ihr Posting oder Ihre \u00dcbermittlung mit der ausdr\u00fccklichen Zustimmung des Eigent\u00fcmers des Materials vornehmen; und (ii) dass Sie dreizehn Jahre alt oder \u00e4lter sind.    <\/p>\n\n<p>Haftungsausschluss<\/p>\n\n<p>Das gesamte Material auf dieser Website dient nur zu Ihrer Information und darf nicht als medizinischer Rat oder Anleitung verstanden werden.<\/p>\n\n<p>PARED Insights \u00fcbt keine medizinische T\u00e4tigkeit aus. PARED Insights ist keine medizinische Autorit\u00e4t und erhebt auch nicht den Anspruch, \u00fcber medizinisches Wissen zu verf\u00fcgen. Das gesamte Material auf dieser Website dient nur zu Ihrer Information. Sie sind nicht als medizinischer Rat gedacht, stellen keine Diagnose und ersetzen nicht den Rat eines qualifizierten Mediziners. PARED Insights empfiehlt Ihnen in jedem Fall, eine qualifizierte medizinische Fachkraft zu konsultieren.      <\/p>\n\n<p>Die Informationen auf dieser Website wurden aus \u00f6ffentlich zug\u00e4nglichen Quellen recherchiert und nach bestem Wissen und Gewissen weitergegeben, in der Annahme, dass diese Informationen zuverl\u00e4ssig und korrekt sind. PARED Insights empfiehlt Ihnen immer, Ihre eigenen, unabh\u00e4ngigen Nachforschungen anzustellen und Ihre Ergebnisse mit Ihrem Arzt zu besprechen. Leser, die sich nicht mit den entsprechenden Fachleuten des Gesundheitswesens beraten, tragen das Risiko von Verletzungen. Dar\u00fcber hinaus spiegeln die Informationen und Meinungen, die in pers\u00f6nlichen Beitr\u00e4gen auf dieser Website ge\u00e4u\u00dfert werden, nicht unbedingt die Ansichten von PARED Insights wider.   <\/p>\n\n<p>Die auf dieser Website vorgestellten Produkte werden nicht unbedingt von PARED Insights empfohlen oder bef\u00fcrwortet.<\/p>\n\n<p>Auf unserer Website k\u00f6nnen wir Links zu anderen Websites anbieten, die von Dritten unterhalten werden. Die Verlinkung zu solchen Websites Dritter bedeutet nicht, dass wir diese Websites oder das auf diesen Websites enthaltene Material bef\u00fcrworten oder unterst\u00fctzen. <\/p>\n\n<p>Ziel dieser Website ist es, die \u00d6ffentlichkeit zu sensibilisieren und \u00fcber die Grenzen der verf\u00fcgbaren Testm\u00f6glichkeiten f\u00fcr Harnwegsinfektionen zu informieren sowie die verf\u00fcgbaren Erkenntnisse \u00fcber Behandlungsm\u00f6glichkeiten f\u00fcr Harnwegsinfektionen zusammenzufassen.<\/p>\n\n<p>Wenn Sie glauben, dass Informationen auf dieser Website nicht korrekt sind, wenden Sie sich bitte umgehend \u00fcber unsere Kontaktseite an PARED Insights.<\/p>\n\n<p>Copyright  <\/p>\n\n<p>Der Digital Millennium Copyright Act von 1998 (der &#8222;DMCA&#8220;) bietet Rechtsmittel f\u00fcr Urheberrechtsinhaber, die glauben, dass im Internet erscheinendes Material ihre Rechte gem\u00e4\u00df dem US-Urheberrechtsgesetz verletzt. Wenn Sie in gutem Glauben davon ausgehen, dass von PARED Insights gehostetes Material Ihr Urheberrecht verletzt, k\u00f6nnen Sie oder Ihr Bevollm\u00e4chtigter eine Mitteilung an PARED Insights senden und die Entfernung des Materials oder die Sperrung des Zugriffs darauf verlangen. Eine Benachrichtigung durch einen Urheberrechtsinhaber oder eine in seinem Namen bevollm\u00e4chtigte Person, die die Anforderungen des DMCA nicht erf\u00fcllt, gilt nicht als ausreichende Benachrichtigung und kann nicht als Beleg daf\u00fcr angesehen werden, dass PARED Insights tats\u00e4chliche Kenntnis von Tatsachen oder Umst\u00e4nden hat, aus denen rechtsverletzendes Material oder Handlungen offensichtlich sind.    <\/p>\n\n<p>Wenn Sie in gutem Glauben davon ausgehen, dass eine Meldung \u00fcber eine Urheberrechtsverletzung zu Unrecht gegen Sie eingereicht wurde, erlaubt Ihnen der DMCA, eine Gegendarstellung an PARED Insights zu senden. Alle Mitteilungen und Gegenmitteilungen m\u00fcssen den zu diesem Zeitpunkt geltenden gesetzlichen Anforderungen des DMCA entsprechen; siehe http:\/\/www.loc.gov\/copyright f\u00fcr weitere Einzelheiten. Der Copyright Agent von PARED Insights f\u00fcr Hinweise auf Urheberrechtsverletzungen oder Gegenhinweise kann \u00fcber unser Kontaktformular erreicht werden.  <\/p>\n\n<h2 class=\"wp-block-heading\">Unsere Politik der Inklusion<\/h2>\n\n<p>Bei PARED Insights bem\u00fchen wir uns um eine geschlechtergerechte Sprache, und wir versuchen, dies zu erreichen, wo immer wir k\u00f6nnen. Unsere Website und die darin enthaltenen Informationen sind so gestaltet, dass sie allgemein verst\u00e4ndlich und benutzerfreundlich sind und alle Nutzer ansprechen. Wir sind uns bewusst, dass ein Gro\u00dfteil unserer Inhalte auf Studien und Forschungsarbeiten basiert, die sich speziell auf &#8222;Frauen&#8220; beziehen, da wir an evidenzbasierte Informationen glauben. Wenn wir direkt auf externe Informationen verweisen, verwenden wir die angegebene Sprache, um die Richtigkeit der Informationen zu wahren. Dazu geh\u00f6ren auch direkte Zitate von \u00c4rzten und Menschen, die Erfahrungen mit wiederkehrenden Harnwegsinfektionen gemacht haben.    <\/p>\n\n<p><br\/>In allen anderen F\u00e4llen hoffen wir, so umfassend wie m\u00f6glich zu sein. Wenn Sie der Meinung sind, dass wir es besser machen k\u00f6nnen, lassen Sie es uns bitte wissen. Wir freuen uns \u00fcber Ratschl\u00e4ge zu diesem Thema! <\/p>\n","protected":false},"excerpt":{"rendered":"<p>Cookie &amp; Datenschutzrichtlinie Definitionen &#8222;Pared Insights&#8220; bedeutet &#8211; https:\/\/paredinsights.org &#8222;Website&#8220;, &#8222;Service&#8220; &#8211; bedeutet https:\/\/paredinsights.org &#8222;Nutzer&#8220;, &#8222;Sie&#8220;, &#8222;Ihr&#8220;, &#8222;Ihr&#8220; &#8211; bezeichnet die Person\/en, Firma, das Unternehmen oder die Organisation, die auf die Website zugreift. &#8222;Wir&#8220;, &#8222;uns&#8220;, &#8222;unser&#8220;, &#8222;unser Team&#8220; &#8211; bedeutet Patient-centred Research and Data Insights Ltd (PARED Insights) Bitte lesen Sie diese Datenschutzrichtlinie sorgf\u00e4ltig durch. Indem Sie den Service besuchen &#8230; <\/p>\n<div><a href=\"https:\/\/paredinsights.org\/de\/datenschutzbestimmungen\/\" class=\"more-link\">Mehr lesen<\/a><\/div>\n","protected":false},"author":1,"featured_media":0,"parent":0,"menu_order":0,"comment_status":"closed","ping_status":"closed","template":"","meta":{"_acf_changed":false,"footnotes":""},"class_list":["post-1389","page","type-page","status-publish","hentry","no-post-thumbnail"],"featured_image_src":null,"acf":[],"_links":{"self":[{"href":"https:\/\/paredinsights.org\/de\/wp-json\/wp\/v2\/pages\/1389","targetHints":{"allow":["GET"]}}],"collection":[{"href":"https:\/\/paredinsights.org\/de\/wp-json\/wp\/v2\/pages"}],"about":[{"href":"https:\/\/paredinsights.org\/de\/wp-json\/wp\/v2\/types\/page"}],"author":[{"embeddable":true,"href":"https:\/\/paredinsights.org\/de\/wp-json\/wp\/v2\/users\/1"}],"replies":[{"embeddable":true,"href":"https:\/\/paredinsights.org\/de\/wp-json\/wp\/v2\/comments?post=1389"}],"version-history":[{"count":1,"href":"https:\/\/paredinsights.org\/de\/wp-json\/wp\/v2\/pages\/1389\/revisions"}],"predecessor-version":[{"id":1393,"href":"https:\/\/paredinsights.org\/de\/wp-json\/wp\/v2\/pages\/1389\/revisions\/1393"}],"wp:attachment":[{"href":"https:\/\/paredinsights.org\/de\/wp-json\/wp\/v2\/media?parent=1389"}],"curies":[{"name":"wp","href":"https:\/\/api.w.org\/{rel}","templated":true}]}}