{"id":1406,"date":"2025-05-19T14:18:03","date_gmt":"2025-05-19T14:18:03","guid":{"rendered":"https:\/\/paredinsights.org\/artikel-medien\/"},"modified":"2025-05-19T14:18:13","modified_gmt":"2025-05-19T14:18:13","slug":"artikel-medien","status":"publish","type":"page","link":"https:\/\/paredinsights.org\/de\/artikel-medien\/","title":{"rendered":"Artikel &amp; Medien"},"content":{"rendered":"<div id=\"cs-content\" class=\"cs-content\"><\/div>\n","protected":false},"excerpt":{"rendered":"<p>Artikel &amp; Medien Willkommen auf der Nachrichtenseite von PARED Insights, unserem Zuhause f\u00fcr Blogartikel und Ank\u00fcndigungenArtikel \u00dcberwindung von Herausforderungen bei der Patientenrekrutierung in der Forschung zur Frauengesundheit Emil Lamprecht, Mai 19, 2025PROMs: Verst\u00e4rkung der Patientenstimmen in der Frauengesundheitsforschung Emil Lamprecht, Mai 19, 2025PREMs: Die Erfassung der Patientenreise in der Gesundheitsforschung Emil Lamprecht, Mai 19, 2025Der Einfluss von Patientenbeir\u00e4ten auf Forschungsdesign &#8230; <\/p>\n<div><a href=\"https:\/\/paredinsights.org\/de\/artikel-medien\/\" class=\"more-link\">Mehr lesen<\/a><\/div>\n","protected":false},"author":1,"featured_media":0,"parent":0,"menu_order":0,"comment_status":"closed","ping_status":"closed","template":"template-blank-4.php","meta":{"_acf_changed":false,"footnotes":""},"class_list":["post-1406","page","type-page","status-publish","hentry","no-post-thumbnail"],"featured_image_src":null,"acf":[],"_links":{"self":[{"href":"https:\/\/paredinsights.org\/de\/wp-json\/wp\/v2\/pages\/1406","targetHints":{"allow":["GET"]}}],"collection":[{"href":"https:\/\/paredinsights.org\/de\/wp-json\/wp\/v2\/pages"}],"about":[{"href":"https:\/\/paredinsights.org\/de\/wp-json\/wp\/v2\/types\/page"}],"author":[{"embeddable":true,"href":"https:\/\/paredinsights.org\/de\/wp-json\/wp\/v2\/users\/1"}],"replies":[{"embeddable":true,"href":"https:\/\/paredinsights.org\/de\/wp-json\/wp\/v2\/comments?post=1406"}],"version-history":[{"count":2,"href":"https:\/\/paredinsights.org\/de\/wp-json\/wp\/v2\/pages\/1406\/revisions"}],"predecessor-version":[{"id":1413,"href":"https:\/\/paredinsights.org\/de\/wp-json\/wp\/v2\/pages\/1406\/revisions\/1413"}],"wp:attachment":[{"href":"https:\/\/paredinsights.org\/de\/wp-json\/wp\/v2\/media?parent=1406"}],"curies":[{"name":"wp","href":"https:\/\/api.w.org\/{rel}","templated":true}]}}