{"id":1446,"date":"2025-05-19T14:21:29","date_gmt":"2025-05-19T14:21:29","guid":{"rendered":"https:\/\/paredinsights.org\/journal-veroeffentlichungen\/"},"modified":"2025-05-19T17:16:59","modified_gmt":"2025-05-19T17:16:59","slug":"journal-veroeffentlichungen","status":"publish","type":"page","link":"https:\/\/paredinsights.org\/de\/journal-veroeffentlichungen\/","title":{"rendered":"Journal Ver\u00f6ffentlichungen"},"content":{"rendered":"<div id=\"cs-content\" class=\"cs-content\"><\/div>\n","protected":false},"excerpt":{"rendered":"<p>Journal Ver\u00f6ffentlichungen Willkommen in der PARED Insights Publikationsbibliothek. Sie k\u00f6nnen die aktuellste Liste der Ver\u00f6ffentlichungen jederzeit einsehen, indem Sie das PARED Insights Research Lab auf ResearchGate besuchen. 2024 Bewertung der Auswirkungen einer rezidivierenden Harnwegsinfektion auf die Lebensqualit\u00e4t: Validierung und Verfeinerung des Fragebogens zur Auswirkung rezidivierender Harnwegsinfektionen (RUTIIQ) Diese Studie best\u00e4tigte die Validit\u00e4t und die psychometrischen Eigenschaften der neuen patientenbezogenen Ergebnismessung &#8230; <\/p>\n<div><a href=\"https:\/\/paredinsights.org\/de\/journal-veroeffentlichungen\/\" class=\"more-link\">Mehr lesen<\/a><\/div>\n","protected":false},"author":1,"featured_media":0,"parent":0,"menu_order":0,"comment_status":"closed","ping_status":"closed","template":"template-blank-4.php","meta":{"_acf_changed":false,"footnotes":""},"class_list":["post-1446","page","type-page","status-publish","hentry","no-post-thumbnail"],"featured_image_src":null,"acf":[],"_links":{"self":[{"href":"https:\/\/paredinsights.org\/de\/wp-json\/wp\/v2\/pages\/1446","targetHints":{"allow":["GET"]}}],"collection":[{"href":"https:\/\/paredinsights.org\/de\/wp-json\/wp\/v2\/pages"}],"about":[{"href":"https:\/\/paredinsights.org\/de\/wp-json\/wp\/v2\/types\/page"}],"author":[{"embeddable":true,"href":"https:\/\/paredinsights.org\/de\/wp-json\/wp\/v2\/users\/1"}],"replies":[{"embeddable":true,"href":"https:\/\/paredinsights.org\/de\/wp-json\/wp\/v2\/comments?post=1446"}],"version-history":[{"count":1,"href":"https:\/\/paredinsights.org\/de\/wp-json\/wp\/v2\/pages\/1446\/revisions"}],"predecessor-version":[{"id":1448,"href":"https:\/\/paredinsights.org\/de\/wp-json\/wp\/v2\/pages\/1446\/revisions\/1448"}],"wp:attachment":[{"href":"https:\/\/paredinsights.org\/de\/wp-json\/wp\/v2\/media?parent=1446"}],"curies":[{"name":"wp","href":"https:\/\/api.w.org\/{rel}","templated":true}]}}