{"id":1470,"date":"2025-05-19T14:21:55","date_gmt":"2025-05-19T14:21:55","guid":{"rendered":"https:\/\/paredinsights.org\/dienstleistungen\/"},"modified":"2025-05-19T14:22:05","modified_gmt":"2025-05-19T14:22:05","slug":"dienstleistungen","status":"publish","type":"page","link":"https:\/\/paredinsights.org\/de\/dienstleistungen\/","title":{"rendered":"Dienstleistungen"},"content":{"rendered":"<div id=\"cs-content\" class=\"cs-content\"><\/div>\n","protected":false},"excerpt":{"rendered":"<p>FORSCHUNGSDIENSTLEISTUNGEN \u00dcber 80% der Studien weltweit erreichen ihre Rekrutierungsziele nicht Dies ist oft auf eine Kombination aus Studiendesign, unrealistischen Rekrutierungsbudgets und mangelnder Einbeziehung der Patienten in den Prozess zur\u00fcckzuf\u00fchren.PARED Insights bietet eine breite Palette von Unterst\u00fctzungsarten f\u00fcr Forschung in verschiedenen Gr\u00f6\u00dfenordnungen und Intensit\u00e4ten an, wobei ein besonderer Schwerpunkt darauf liegt, Forschung rigoros und realisierbar zu machen.Verwenden Sie die untenstehende Tabelle, &#8230; <\/p>\n<div><a href=\"https:\/\/paredinsights.org\/de\/dienstleistungen\/\" class=\"more-link\">Mehr lesen<\/a><\/div>\n","protected":false},"author":1,"featured_media":0,"parent":0,"menu_order":0,"comment_status":"closed","ping_status":"closed","template":"template-blank-4.php","meta":{"_acf_changed":false,"footnotes":""},"class_list":["post-1470","page","type-page","status-publish","hentry","no-post-thumbnail"],"featured_image_src":null,"acf":[],"_links":{"self":[{"href":"https:\/\/paredinsights.org\/de\/wp-json\/wp\/v2\/pages\/1470","targetHints":{"allow":["GET"]}}],"collection":[{"href":"https:\/\/paredinsights.org\/de\/wp-json\/wp\/v2\/pages"}],"about":[{"href":"https:\/\/paredinsights.org\/de\/wp-json\/wp\/v2\/types\/page"}],"author":[{"embeddable":true,"href":"https:\/\/paredinsights.org\/de\/wp-json\/wp\/v2\/users\/1"}],"replies":[{"embeddable":true,"href":"https:\/\/paredinsights.org\/de\/wp-json\/wp\/v2\/comments?post=1470"}],"version-history":[{"count":1,"href":"https:\/\/paredinsights.org\/de\/wp-json\/wp\/v2\/pages\/1470\/revisions"}],"predecessor-version":[{"id":1471,"href":"https:\/\/paredinsights.org\/de\/wp-json\/wp\/v2\/pages\/1470\/revisions\/1471"}],"wp:attachment":[{"href":"https:\/\/paredinsights.org\/de\/wp-json\/wp\/v2\/media?parent=1470"}],"curies":[{"name":"wp","href":"https:\/\/api.w.org\/{rel}","templated":true}]}}