{"id":1336,"date":"2025-05-19T12:22:24","date_gmt":"2025-05-19T12:22:24","guid":{"rendered":"https:\/\/paredinsights.org\/pared-insights-la-participacion-del-paciente-en-cada-paso\/"},"modified":"2026-03-18T15:36:29","modified_gmt":"2026-03-18T15:36:29","slug":"pared-insights-la-participacion-del-paciente-en-cada-paso","status":"publish","type":"page","link":"https:\/\/paredinsights.org\/es\/","title":{"rendered":"PARED Insights &#8211; La participaci\u00f3n del paciente en cada paso"},"content":{"rendered":"<div id=\"cs-content\" class=\"cs-content\"><\/div>\n","protected":false},"excerpt":{"rendered":"<p>Participaci\u00f3n del paciente en cada paso Participaci\u00f3n del paciente en cada paso Obtenga mejores resultados de los estudios gracias al dise\u00f1o de estudios centrado en el paciente con PARED Insights. Para coordinadores de investigaci\u00f3n y patrocinadores de estudios que investigan la salud urinaria y p\u00e9lvica de la mujer. Ver serviciosCont\u00e1ctenosParticipaci\u00f3n del paciente en cada paso Participaci\u00f3n del paciente en cada &#8230; <\/p>\n<div><a href=\"https:\/\/paredinsights.org\/es\/\" class=\"more-link\">Leer m\u00e1s<\/a><\/div>\n","protected":false},"author":1,"featured_media":0,"parent":0,"menu_order":0,"comment_status":"closed","ping_status":"closed","template":"template-blank-4.php","meta":{"_acf_changed":false,"footnotes":""},"class_list":["post-1336","page","type-page","status-publish","hentry","no-post-thumbnail"],"featured_image_src":null,"acf":[],"_links":{"self":[{"href":"https:\/\/paredinsights.org\/es\/wp-json\/wp\/v2\/pages\/1336","targetHints":{"allow":["GET"]}}],"collection":[{"href":"https:\/\/paredinsights.org\/es\/wp-json\/wp\/v2\/pages"}],"about":[{"href":"https:\/\/paredinsights.org\/es\/wp-json\/wp\/v2\/types\/page"}],"author":[{"embeddable":true,"href":"https:\/\/paredinsights.org\/es\/wp-json\/wp\/v2\/users\/1"}],"replies":[{"embeddable":true,"href":"https:\/\/paredinsights.org\/es\/wp-json\/wp\/v2\/comments?post=1336"}],"version-history":[{"count":5,"href":"https:\/\/paredinsights.org\/es\/wp-json\/wp\/v2\/pages\/1336\/revisions"}],"predecessor-version":[{"id":1820,"href":"https:\/\/paredinsights.org\/es\/wp-json\/wp\/v2\/pages\/1336\/revisions\/1820"}],"wp:attachment":[{"href":"https:\/\/paredinsights.org\/es\/wp-json\/wp\/v2\/media?parent=1336"}],"curies":[{"name":"wp","href":"https:\/\/api.w.org\/{rel}","templated":true}]}}