{"id":1373,"date":"2025-05-19T14:16:47","date_gmt":"2025-05-19T14:16:47","guid":{"rendered":"https:\/\/paredinsights.org\/contactenos\/"},"modified":"2025-05-19T14:16:57","modified_gmt":"2025-05-19T14:16:57","slug":"contactenos","status":"publish","type":"page","link":"https:\/\/paredinsights.org\/es\/contactenos\/","title":{"rendered":"Cont\u00e1ctenos"},"content":{"rendered":"<div id=\"cs-content\" class=\"cs-content\"><\/div>\n","protected":false},"excerpt":{"rendered":"<p>Cont\u00e1ctenos \u00bfLe interesa trabajar con nosotros? \u00bfO quiere saber m\u00e1s sobre qui\u00e9nes somos y qu\u00e9 hacemos? Env\u00edenos un mensaje &#8211; nos encantar\u00eda saber de usted. Env\u00edenos un mensaje PARED Insights @ Todos los derechos reservados. 2024.<\/p>\n","protected":false},"author":1,"featured_media":0,"parent":0,"menu_order":0,"comment_status":"closed","ping_status":"closed","template":"template-blank-4.php","meta":{"_acf_changed":false,"footnotes":""},"class_list":["post-1373","page","type-page","status-publish","hentry","no-post-thumbnail"],"featured_image_src":null,"acf":[],"_links":{"self":[{"href":"https:\/\/paredinsights.org\/es\/wp-json\/wp\/v2\/pages\/1373","targetHints":{"allow":["GET"]}}],"collection":[{"href":"https:\/\/paredinsights.org\/es\/wp-json\/wp\/v2\/pages"}],"about":[{"href":"https:\/\/paredinsights.org\/es\/wp-json\/wp\/v2\/types\/page"}],"author":[{"embeddable":true,"href":"https:\/\/paredinsights.org\/es\/wp-json\/wp\/v2\/users\/1"}],"replies":[{"embeddable":true,"href":"https:\/\/paredinsights.org\/es\/wp-json\/wp\/v2\/comments?post=1373"}],"version-history":[{"count":1,"href":"https:\/\/paredinsights.org\/es\/wp-json\/wp\/v2\/pages\/1373\/revisions"}],"predecessor-version":[{"id":1378,"href":"https:\/\/paredinsights.org\/es\/wp-json\/wp\/v2\/pages\/1373\/revisions\/1378"}],"wp:attachment":[{"href":"https:\/\/paredinsights.org\/es\/wp-json\/wp\/v2\/media?parent=1373"}],"curies":[{"name":"wp","href":"https:\/\/api.w.org\/{rel}","templated":true}]}}