{"id":1382,"date":"2025-05-19T14:17:08","date_gmt":"2025-05-19T14:17:08","guid":{"rendered":"https:\/\/paredinsights.org\/quienes-somos\/"},"modified":"2025-05-19T17:16:54","modified_gmt":"2025-05-19T17:16:54","slug":"quienes-somos","status":"publish","type":"page","link":"https:\/\/paredinsights.org\/es\/quienes-somos\/","title":{"rendered":"Qui\u00e9nes somos"},"content":{"rendered":"<div id=\"cs-content\" class=\"cs-content\"><\/div>\n","protected":false},"excerpt":{"rendered":"<p>Acerca de PARED Insights Obtenga mejores resultados de los estudios gracias al dise\u00f1o de estudios centrado en el paciente con PARED Insights. Para coordinadores de investigaci\u00f3n y patrocinadores de estudios que investigan la salud urinaria y p\u00e9lvica de la mujer. Ver serviciosNuestra misi\u00f3n es hacer avanzar la salud de la mujer mediante la aplicaci\u00f3n de un enfoque centrado en el &#8230; <\/p>\n<div><a href=\"https:\/\/paredinsights.org\/es\/quienes-somos\/\" class=\"more-link\">Leer m\u00e1s<\/a><\/div>\n","protected":false},"author":1,"featured_media":0,"parent":0,"menu_order":0,"comment_status":"closed","ping_status":"closed","template":"template-blank-4.php","meta":{"_acf_changed":false,"footnotes":""},"class_list":["post-1382","page","type-page","status-publish","hentry","no-post-thumbnail"],"featured_image_src":null,"acf":[],"_links":{"self":[{"href":"https:\/\/paredinsights.org\/es\/wp-json\/wp\/v2\/pages\/1382","targetHints":{"allow":["GET"]}}],"collection":[{"href":"https:\/\/paredinsights.org\/es\/wp-json\/wp\/v2\/pages"}],"about":[{"href":"https:\/\/paredinsights.org\/es\/wp-json\/wp\/v2\/types\/page"}],"author":[{"embeddable":true,"href":"https:\/\/paredinsights.org\/es\/wp-json\/wp\/v2\/users\/1"}],"replies":[{"embeddable":true,"href":"https:\/\/paredinsights.org\/es\/wp-json\/wp\/v2\/comments?post=1382"}],"version-history":[{"count":1,"href":"https:\/\/paredinsights.org\/es\/wp-json\/wp\/v2\/pages\/1382\/revisions"}],"predecessor-version":[{"id":1386,"href":"https:\/\/paredinsights.org\/es\/wp-json\/wp\/v2\/pages\/1382\/revisions\/1386"}],"wp:attachment":[{"href":"https:\/\/paredinsights.org\/es\/wp-json\/wp\/v2\/media?parent=1382"}],"curies":[{"name":"wp","href":"https:\/\/api.w.org\/{rel}","templated":true}]}}