{"id":1388,"date":"2025-05-19T14:17:22","date_gmt":"2025-05-19T14:17:22","guid":{"rendered":"https:\/\/paredinsights.org\/politica-de-privacidad\/"},"modified":"2025-05-19T14:17:27","modified_gmt":"2025-05-19T14:17:27","slug":"politica-de-privacidad","status":"publish","type":"page","link":"https:\/\/paredinsights.org\/es\/politica-de-privacidad\/","title":{"rendered":"Pol\u00edtica de privacidad"},"content":{"rendered":"\n<h2 class=\"wp-block-heading\">Pol\u00edtica de privacidad y cookies<\/h2>\n\n<p>Definiciones<\/p>\n\n<p>\u00abPared Insights\u00bb significa &#8211; https:\/\/paredinsights.org<\/p>\n\n<p>\u00abSitio web\u00bb, \u00abServicio\u00bb &#8211; significa https:\/\/paredinsights.org<\/p>\n\n<p>\u00abUsuario\u00bb, \u00abusted\u00bb, \u00absu\u00bb, \u00absuyo\u00bb &#8211; se refiere al individuo\/s, empresa, compa\u00f1\u00eda u organizaci\u00f3n que accede al sitio web.<\/p>\n\n<p>\u00abNosotros\u00bb, \u00abnos\u00bb, \u00abnuestro\u00bb, \u00abnuestro equipo\u00bb &#8211; significa Patient-centred Research and Data Insights Ltd (PARED Insights)  <\/p>\n\n<p>Por favor, lea atentamente esta Pol\u00edtica de Privacidad. Al visitar y utilizar el Servicio, usted acepta que su uso de nuestro Servicio, y cualquier disputa sobre privacidad, se rige por esta Pol\u00edtica de Privacidad.   <\/p>\n\n<p>Podemos recopilar y almacenar su direcci\u00f3n de correo electr\u00f3nico y cualquier otra informaci\u00f3n que nos proporcione a trav\u00e9s de los formularios de nuestra p\u00e1gina web que le permiten suscribirse o solicitar informaci\u00f3n. Esta informaci\u00f3n puede incluir, entre otros, datos como su nombre y direcci\u00f3n de correo electr\u00f3nico. Si por alguna raz\u00f3n se pone en contacto con nosotros, podemos guardar registros de esa correspondencia.    <\/p>\n\n<p>Si se ha suscrito a alguno de los servicios gratuitos de correo electr\u00f3nico que ofrecemos, utilizaremos la informaci\u00f3n que nos proporcione para enviarle dichos correos. Si desea darse de baja en cualquier momento, en cada correo electr\u00f3nico se incluyen instrucciones sobre c\u00f3mo hacerlo. Utilizamos Mailchimp para nuestro servicio de correo electr\u00f3nico, y puede consultar la <a href=\"https:\/\/mailchimp.com\/legal\/privacy\/\" target=\"_blank\" rel=\"noreferrer noopener\">pol\u00edtica de privacidad de Mailchimp<\/a>.  <\/p>\n\n<p>Si nos env\u00eda un mensaje a trav\u00e9s de nuestro formulario de contacto, su mensaje, el nombre y la direcci\u00f3n de correo electr\u00f3nico que nos proporcione, as\u00ed como cualquier respuesta futura, se almacenar\u00e1n en Help Scout, la herramienta que utilizamos para responder a todos los mensajes. Puede obtener m\u00e1s informaci\u00f3n sobre <a href=\"https:\/\/www.helpscout.net\/company\/legal\/privacy\/\" target=\"_blank\" rel=\"noreferrer noopener\">la pol\u00edtica de privacidad de Help Scout<\/a>. <\/p>\n\n<p>Si nos env\u00eda informaci\u00f3n a trav\u00e9s de un formulario emergente en nuestro sitio web, cualquier informaci\u00f3n recopilada ser\u00e1 almacenada y transferida a nosotros por Getsitecontrol. Puede consultar la <a href=\"https:\/\/getsitecontrol.com\/privacy\/\" target=\"_blank\" rel=\"noreferrer noopener\">pol\u00edtica de privacidad de Getsitecontrol<\/a>. <\/p>\n\n<p>Nuestro equipo, nuestros socios o patrocinadores tambi\u00e9n pueden solicitarle que complete encuestas o informaci\u00f3n para investigaciones u opiniones. Usted tiene derecho a no responder a estas solicitudes. <\/p>\n\n<p>Sus datos de identificaci\u00f3n personal no ser\u00e1n publicados, vendidos, comercializados ni cedidos a terceros. Cualquier dato personal identificable que nos proporcione a trav\u00e9s de nuestro sitio web, incluido el env\u00edo de cualquier cuestionario o prueba, se almacenar\u00e1 en una base de datos segura.   <\/p>\n\n<p>Los datos an\u00f3nimos de las preguntas o cuestionarios, es decir, las respuestas que se han separado de la informaci\u00f3n personal identificable, pueden utilizarse para avanzar en nuestra investigaci\u00f3n sobre la perspectiva de los pacientes sobre las ITU recurrentes y las afecciones cr\u00f3nicas de las v\u00edas urinarias. En el futuro, los datos an\u00f3nimos cotejados podr\u00e1n publicarse como parte de nuestra investigaci\u00f3n mayor, y podremos utilizar los datos an\u00f3nimos agregados para ayudar a organizaciones que consideremos que trabajan en beneficio de los enfermos de ITU recurrente y cr\u00f3nica. <\/p>\n\n<p>Podemos conservar informaci\u00f3n sobre los detalles de sus visitas a nuestro sitio web, con el fin de mejorar la experiencia del usuario de nuestro sitio web.<\/p>\n\n<p>Al utilizar nuestro sitio web, da su consentimiento para que PARED Insights recopile y utilice esta informaci\u00f3n. Si nuestra pol\u00edtica de privacidad cambia, publicaremos estos cambios en nuestro sitio web. <\/p>\n\n<p><strong>COOKIES<\/strong><\/p>\n\n<p><strong>\u00daltima actualizaci\u00f3n: <\/strong><strong>1 noviembre, 2023<\/strong><\/p>\n\n<p>PARED Insights (\u00abnosotros\u00bb, \u00abnos\u00bb o \u00abnuestro\u00bb) utiliza cookies en nuestro sitio web (el \u00abServicio\u00bb) para recopilar informaci\u00f3n no personal, incluida informaci\u00f3n est\u00e1ndar de registro de Internet y patrones de comportamiento. Hacemos esto para proporcionarle una mejor experiencia, analizar tendencias y mejorar nuestro sitio web. Al utilizar el Servicio, usted acepta el uso de cookies.  <\/p>\n\n<p>Las cookies son peque\u00f1os archivos de datos que se transfieren a su ordenador, tableta o tel\u00e9fono m\u00f3vil a trav\u00e9s de su navegador web cuando visita un sitio web. Un archivo cookie se almacena en su navegador web y permite al Servicio o a un tercero reconocerle y facilitar su pr\u00f3xima visita y hacer que el Servicio le resulte m\u00e1s \u00fatil. <\/p>\n\n<p><strong>C\u00f3mo utilizamos las cookies<\/strong><\/p>\n\n<p>Cuando usted utiliza y accede al Servicio, podemos colocar una serie de archivos cookie en su navegador web.<\/p>\n\n<p>Utilizamos cookies de terceros para los siguientes fines: habilitar determinadas funciones del Servicio y proporcionar an\u00e1lisis. Estas cookies de terceros informan sobre el uso y las estad\u00edsticas de uso del Servicio de las siguientes maneras: <\/p>\n\n<p><em>Google Analytics<\/em><\/p>\n\n<p>Utilizamos Google Analytics para ayudarnos a recopilar y analizar los datos de los visitantes, incluida la informaci\u00f3n sobre el volumen de visitantes, c\u00f3mo nos han encontrado, cu\u00e1nto tiempo permanecen en nuestro sitio y qu\u00e9 contenidos son los m\u00e1s populares. Esta informaci\u00f3n nos ayuda a mejorar nuestro sitio web y su visita, y hace que las formas en que compartimos la informaci\u00f3n sean m\u00e1s relevantes. Para obtener m\u00e1s informaci\u00f3n sobre el uso que Google hace de la informaci\u00f3n que recopila, consulte la <a href=\"https:\/\/www.google.com\/policies\/privacy\/partners\/\" target=\"_blank\" rel=\"noreferrer noopener\">pol\u00edtica de privacidad<\/a> de Google.  <\/p>\n\n<p><em>Matomo<\/em><\/p>\n\n<p>Utilizamos Matomo para ayudarnos a recopilar datos anal\u00edticos y evaluar y analizar los comentarios y patrones de comportamiento en las p\u00e1ginas de nuestro sitio web. Nos permite medir y observar el comportamiento de los usuarios y mejorar en consecuencia la funcionalidad de nuestro sitio web. Esta informaci\u00f3n se recopila de forma pasiva, observando la forma en que los visitantes de nuestro sitio web navegan e interact\u00faan con nuestro contenido. Para m\u00e1s informaci\u00f3n, consulte la <a href=\"https:\/\/matomo.org\/privacy-policy\/\" target=\"_blank\" rel=\"noreferrer noopener\">pol\u00edtica de privacidad de Matomo<\/a>.   <\/p>\n\n<p><strong>Cu\u00e1les son sus opciones con respecto a las cookies<\/strong><\/p>\n\n<p>Si desea eliminar las cookies o dar instrucciones a su navegador web para que las elimine o rechace, visite las p\u00e1ginas de ayuda de su navegador web.<\/p>\n\n<p>No obstante, tenga en cuenta que si borra las cookies o se niega a aceptarlas, algunas funciones de nuestro sitio web pueden no estar disponibles.<\/p>\n\n<p>Puede obtener m\u00e1s informaci\u00f3n sobre las cookies visitando<\/p>\n\n<p>AllAboutCookies:<a href=\"http:\/\/www.allaboutcookies.org\/\" target=\"_blank\" rel=\"noreferrer noopener\"> http:\/\/www.allaboutcookies.org\/<\/a><\/p>\n\n<p><strong>Enlaces a otros sitios<\/strong><\/p>\n\n<p>Nuestro sitio web puede incluir hiperv\u00ednculos a otros sitios web que no son operados o controlados por nosotros. Esta pol\u00edtica s\u00f3lo se aplica a nuestro sitio web y no somos responsables del contenido ni de las pr\u00e1cticas de privacidad de los sitios web de terceros. <\/p>\n\n<p><strong>Su consentimiento<\/strong><\/p>\n\n<p>Al utilizar nuestro sitio web, da su consentimiento para que PARED Insights recopile y utilice esta informaci\u00f3n. Si decidimos cambiar nuestra pol\u00edtica de privacidad, publicaremos dichos cambios en nuestro sitio. <\/p>\n\n<p>Si tiene alguna pregunta o duda sobre nuestra pol\u00edtica de privacidad, p\u00f3ngase en contacto con nosotros.<\/p>\n\n<p>T\u00e9rminos y condiciones del sitio web<\/p>\n\n<p>Definiciones<\/p>\n\n<p>\u00abPerspectivas PARED\u00bb significa https:\/\/paredinsights.org<\/p>\n\n<p>\u00abSitio web\u00bb significa &#8211; https:\/\/paredinsights.org<\/p>\n\n<p>\u00abUsuario\u00bb, \u00abusted\u00bb, \u00absu\u00bb, \u00absuyo\u00bb &#8211; se refiere al individuo\/s, empresa, compa\u00f1\u00eda u organizaci\u00f3n que accede al sitio web.<\/p>\n\n<p>\u00abNosotros\u00bb, \u00abnos\u00bb, \u00abnuestro\u00bb, \u00abnuestro equipo\u00bb &#8211; significa Patient-centred Research and Data Insights Ltd (PARED Insights)  <\/p>\n\n<p>Su acuerdo es con Patient-centred Research and Data Insights Ltd (PARED Insights) . Patient-centred Research and Data Insights Ltd est\u00e1 registrada en el Reino Unido con el n\u00famero de empresa 15174619. Su domicilio social es Halifax House, 30 George St, HU1 3AJ, Reino Unido.  <\/p>\n\n<p>Al utilizar nuestro sitio web, usted acepta quedar vinculado por las presentes Condiciones Generales y utilizar nuestro sitio web de conformidad con las mismas y con nuestra Pol\u00edtica de Privacidad. Usted se compromete a utilizar nuestro sitio web \u00fanicamente con fines l\u00edcitos. El acceso a la p\u00e1gina web, de cualquier manera, ya sea automatizado o no, constituye el uso de la p\u00e1gina web y su acuerdo a estar obligado por estos T\u00e9rminos y Condiciones.  <\/p>\n\n<p>Nos reservamos el derecho de cambiar nuestros T\u00e9rminos y Condiciones en cualquier momento publicando los cambios en l\u00ednea aqu\u00ed.<\/p>\n\n<p>El acceso a nuestro sitio est\u00e1 permitido de forma temporal por el usuario. Nos reservamos el derecho a retirar o modificar el servicio que ofrecemos sin previo aviso y no nos haremos responsables si por cualquier motivo nuestro sitio no est\u00e1 disponible en cualquier momento o durante cualquier per\u00edodo. Ocasionalmente, cuando se realizan actualizaciones, es posible que tengamos que restringir el acceso a algunas partes de nuestro sitio.  <\/p>\n\n<p>No garantizamos que el contenido de este sitio web est\u00e9 libre de errores ni que su servidor est\u00e9 libre de virus o fallos. Intentamos asegurarnos de que este sitio web est\u00e9 actualizado, pero no podemos dar ninguna garant\u00eda sobre la exactitud y actualidad de la informaci\u00f3n proporcionada en \u00e9l.   <\/p>\n\n<p>Todo el material de este sitio web se proporciona \u00fanicamente para su informaci\u00f3n y no debe interpretarse como consejo o instrucci\u00f3n m\u00e9dica. No debe tomarse ninguna acci\u00f3n o inacci\u00f3n bas\u00e1ndose \u00fanicamente en el contenido de esta informaci\u00f3n; en su lugar, los visitantes del sitio web deben consultar a los profesionales sanitarios adecuados sobre cualquier asunto relacionado con su salud y bienestar. <\/p>\n\n<p>Podemos proporcionar enlaces a otros sitios web propiedad de terceros. Tenga en cuenta que todos los enlaces se proporcionan \u00fanicamente para su comodidad y, a menos que se indique expresamente, no respaldamos ni recomendamos ning\u00fan sitio de terceros. No asumimos ninguna responsabilidad por el contenido de los sitios web externos a los que podamos enlazar, ni respaldamos ninguna opini\u00f3n o actividad contenida en estos sitios, ya que se suministran \u00fanicamente con fines informativos. No aceptamos ninguna responsabilidad ni por las p\u00e9rdidas o da\u00f1os que puedan derivarse de su uso.   <\/p>\n\n<p>No nos hacemos responsables del contenido de terceros ni de la exactitud de los materiales publicados por usted o por cualquier otro usuario de nuestro sitio. No aceptamos ninguna responsabilidad por la confianza depositada en cualquier consejo o mensaje publicado en nuestro sitio por nosotros, cualquier visitante, terceros o usted mismo. <\/p>\n\n<p><strong>Derechos de propiedad intelectual y derechos de autor<\/strong><\/p>\n\n<p>Los derechos de autor de toda la informaci\u00f3n, texto e im\u00e1genes que aparecen en nuestro sitio web, son propiedad o est\u00e1n bajo licencia de PARED Insights. Estas obras est\u00e1n protegidas por las leyes de derechos de autor. <\/p>\n\n<p>Cualquier uso comercial o publicaci\u00f3n de todo o parte de lo expuesto en este sitio est\u00e1 estrictamente prohibido sin autorizaci\u00f3n previa. M\u00e1s concretamente, a menos que se autorice expl\u00edcitamente en estos T\u00e9rminos y condiciones o mediante consentimiento por escrito, no podr\u00e1 modificar, copiar, reproducir, volver a publicar, cargar, enviar, transmitir, traducir, vender, crear obras derivadas, explotar o distribuir de ninguna manera o por ning\u00fan medio (incluido por correo electr\u00f3nico u otros medios electr\u00f3nicos) ning\u00fan material del sitio web. <\/p>\n\n<p>Su licencia  <\/p>\n\n<p>Al publicar o enviar cualquier material (incluyendo, sin limitaci\u00f3n, comentarios, entradas de blog, publicaciones en Twitter, fotos y v\u00eddeos) a nosotros a trav\u00e9s del sitio web, grupos de Internet, lugares de medios sociales, o a cualquiera de nuestro personal a trav\u00e9s de correo electr\u00f3nico, texto o de otra manera, usted est\u00e1 representando: (i) que usted es el propietario del material, o est\u00e1 haciendo su publicaci\u00f3n o presentaci\u00f3n con el consentimiento expreso del propietario del material; y (ii) que tiene trece a\u00f1os de edad o m\u00e1s.    <\/p>\n\n<p>Descargo de responsabilidad<\/p>\n\n<p>Todo el material de esta p\u00e1gina web se proporciona \u00fanicamente para su informaci\u00f3n y no debe interpretarse como consejo o instrucci\u00f3n m\u00e9dica.<\/p>\n\n<p>PARED Insights no se dedica a la pr\u00e1ctica de la medicina. No es una autoridad m\u00e9dica ni pretende tener conocimientos m\u00e9dicos. Todo el material que aparece en este sitio web se proporciona \u00fanicamente para su informaci\u00f3n. No pretende actuar como consejo m\u00e9dico, ni proporcionar un diagn\u00f3stico, ni sustituir el consejo de un profesional sanitario cualificado. En todos los casos, PARED Insights le recomienda que consulte a un profesional sanitario cualificado.      <\/p>\n\n<p>La informaci\u00f3n de este sitio ha sido investigada utilizando recursos de dominio p\u00fablico, y compartida de buena fe bajo la creencia de que esta informaci\u00f3n es fiable y precisa. PARED Insights le recomienda siempre que lleve a cabo su propia investigaci\u00f3n independiente y que consulte sus hallazgos con su m\u00e9dico. Los lectores que no consulten con los profesionales sanitarios adecuados asumen el riesgo de cualquier lesi\u00f3n. Adem\u00e1s, la informaci\u00f3n y las opiniones expresadas en las contribuciones de historias personales a este sitio web no reflejan necesariamente los puntos de vista de PARED Insights.   <\/p>\n\n<p>Los productos que aparecen en este sitio web no est\u00e1n necesariamente recomendados ni avalados por PARED Insights.<\/p>\n\n<p>A lo largo de nuestro sitio web, podemos proporcionar enlaces a otros sitios web mantenidos por terceros. Al enlazar con dichos sitios de terceros, no implicamos un respaldo o patrocinio de los mismos, ni del material contenido en ellos. <\/p>\n\n<p>El objetivo de esta p\u00e1gina web es concienciar a la poblaci\u00f3n y proporcionar informaci\u00f3n sobre las limitaciones de las opciones de pruebas disponibles para las infecciones del tracto urinario, as\u00ed como resumir las pruebas disponibles sobre las opciones de tratamiento para las infecciones del tracto urinario.<\/p>\n\n<p>Si cree que alguna informaci\u00f3n de este sitio web es incorrecta, p\u00f3ngase en contacto con PARED Insights inmediatamente a trav\u00e9s de nuestra p\u00e1gina de contacto.<\/p>\n\n<p>Copyright  <\/p>\n\n<p>La Ley de Derechos de Autor del Milenio Digital de 1998 (la \u00abDMCA\u00bb) proporciona recursos a los propietarios de derechos de autor que creen que el material que aparece en Internet infringe sus derechos bajo la ley de derechos de autor de EE.UU.. Si usted cree de buena fe que los materiales alojados por PARED Insights infringen sus derechos de autor, usted, o su agente pueden enviar a PARED Insights una notificaci\u00f3n solicitando que el material sea retirado o que el acceso al mismo sea bloqueado. Cualquier notificaci\u00f3n por parte del propietario de los derechos de autor o de una persona autorizada para actuar en su nombre que no cumpla con los requisitos de la DMCA no se considerar\u00e1 notificaci\u00f3n suficiente y no se considerar\u00e1 que confiere a PARED Insights conocimiento real de los hechos o circunstancias de los que se desprenda la existencia de material o actos infractores.    <\/p>\n\n<p>Si cree de buena fe que se ha presentado err\u00f3neamente contra usted una notificaci\u00f3n de infracci\u00f3n de derechos de autor, la DMCA le permite enviar a PARED Insights una contranotificaci\u00f3n. Todos los avisos y contraavisos deben cumplir los requisitos legales vigentes en ese momento impuestos por la DMCA; consulte http:\/\/www.loc.gov\/copyright para obtener m\u00e1s detalles. Puede ponerse en contacto con el agente de derechos de autor de PARED Insights para la notificaci\u00f3n de reclamaciones de infracci\u00f3n de derechos de autor o contraavisos a trav\u00e9s de nuestro formulario de contacto.  <\/p>\n\n<h2 class=\"wp-block-heading\">Nuestra pol\u00edtica de inclusi\u00f3n<\/h2>\n\n<p>En PARED Insights nos esforzamos por utilizar un lenguaje que incluya la perspectiva de g\u00e9nero y procuramos hacerlo bien siempre que podemos. Nuestro sitio y la informaci\u00f3n que contiene est\u00e1n dise\u00f1ados para ser universalmente claros y amigables, pensando en todos los usuarios. Reconocemos que, debido a nuestra creencia en la informaci\u00f3n basada en pruebas, gran parte de nuestro contenido se basa en estudios y trabajos de investigaci\u00f3n que se refieren espec\u00edficamente a las \u00abmujeres\u00bb. Cuando hacemos referencia directa a informaci\u00f3n externa, utilizamos el lenguaje proporcionado, para preservar la exactitud de la informaci\u00f3n. Esto incluye citas directas de profesionales y personas que han padecido ITU recurrentes.    <\/p>\n\n<p><br\/>En todos los dem\u00e1s casos, esperamos ser tan inclusivos como est\u00e9 en nuestra mano. Si cree que podemos hacerlo mejor, h\u00e1ganoslo saber, \u00a1estaremos encantados de tener en cuenta sus consejos sobre este tema! <\/p>\n","protected":false},"excerpt":{"rendered":"<p>Pol\u00edtica de privacidad y cookies Definiciones \u00abPared Insights\u00bb significa &#8211; https:\/\/paredinsights.org \u00abSitio web\u00bb, \u00abServicio\u00bb &#8211; significa https:\/\/paredinsights.org \u00abUsuario\u00bb, \u00abusted\u00bb, \u00absu\u00bb, \u00absuyo\u00bb &#8211; se refiere al individuo\/s, empresa, compa\u00f1\u00eda u organizaci\u00f3n que accede al sitio web. \u00abNosotros\u00bb, \u00abnos\u00bb, \u00abnuestro\u00bb, \u00abnuestro equipo\u00bb &#8211; significa Patient-centred Research and Data Insights Ltd (PARED Insights) Por favor, lea atentamente esta Pol\u00edtica de Privacidad. Al visitar &#8230; <\/p>\n<div><a href=\"https:\/\/paredinsights.org\/es\/politica-de-privacidad\/\" class=\"more-link\">Leer m\u00e1s<\/a><\/div>\n","protected":false},"author":1,"featured_media":0,"parent":0,"menu_order":0,"comment_status":"closed","ping_status":"closed","template":"","meta":{"_acf_changed":false,"footnotes":""},"class_list":["post-1388","page","type-page","status-publish","hentry","no-post-thumbnail"],"featured_image_src":null,"acf":[],"_links":{"self":[{"href":"https:\/\/paredinsights.org\/es\/wp-json\/wp\/v2\/pages\/1388","targetHints":{"allow":["GET"]}}],"collection":[{"href":"https:\/\/paredinsights.org\/es\/wp-json\/wp\/v2\/pages"}],"about":[{"href":"https:\/\/paredinsights.org\/es\/wp-json\/wp\/v2\/types\/page"}],"author":[{"embeddable":true,"href":"https:\/\/paredinsights.org\/es\/wp-json\/wp\/v2\/users\/1"}],"replies":[{"embeddable":true,"href":"https:\/\/paredinsights.org\/es\/wp-json\/wp\/v2\/comments?post=1388"}],"version-history":[{"count":1,"href":"https:\/\/paredinsights.org\/es\/wp-json\/wp\/v2\/pages\/1388\/revisions"}],"predecessor-version":[{"id":1392,"href":"https:\/\/paredinsights.org\/es\/wp-json\/wp\/v2\/pages\/1388\/revisions\/1392"}],"wp:attachment":[{"href":"https:\/\/paredinsights.org\/es\/wp-json\/wp\/v2\/media?parent=1388"}],"curies":[{"name":"wp","href":"https:\/\/api.w.org\/{rel}","templated":true}]}}