{"id":1437,"date":"2025-05-19T14:21:24","date_gmt":"2025-05-19T14:21:24","guid":{"rendered":"https:\/\/paredinsights.org\/herramientas-de-evaluacion\/"},"modified":"2026-03-03T13:08:07","modified_gmt":"2026-03-03T13:08:07","slug":"herramientas-de-evaluacion","status":"publish","type":"page","link":"https:\/\/paredinsights.org\/es\/herramientas-de-evaluacion\/","title":{"rendered":"Herramientas de evaluaci\u00f3n"},"content":{"rendered":"<div id=\"cs-content\" class=\"cs-content\"><\/div>\n","protected":false},"excerpt":{"rendered":"<p>Herramientas de evaluaci\u00f3n Nuestras medidas de resultados validadas y comunicadas por los pacientes, o PROM, se han utilizado en investigaciones de todo el mundo. Con estas herramientas, la investigaci\u00f3n y la pr\u00e1ctica cl\u00ednica dan prioridad a la perspectiva del paciente y garantizan que se escuche su voz. En este momento, nuestra biblioteca consta de dos herramientas validadas cl\u00ednicamente en varios &#8230; <\/p>\n<div><a href=\"https:\/\/paredinsights.org\/es\/herramientas-de-evaluacion\/\" class=\"more-link\">Leer m\u00e1s<\/a><\/div>\n","protected":false},"author":1,"featured_media":0,"parent":0,"menu_order":0,"comment_status":"closed","ping_status":"closed","template":"template-blank-4.php","meta":{"_acf_changed":false,"footnotes":""},"class_list":["post-1437","page","type-page","status-publish","hentry","no-post-thumbnail"],"featured_image_src":null,"acf":[],"_links":{"self":[{"href":"https:\/\/paredinsights.org\/es\/wp-json\/wp\/v2\/pages\/1437","targetHints":{"allow":["GET"]}}],"collection":[{"href":"https:\/\/paredinsights.org\/es\/wp-json\/wp\/v2\/pages"}],"about":[{"href":"https:\/\/paredinsights.org\/es\/wp-json\/wp\/v2\/types\/page"}],"author":[{"embeddable":true,"href":"https:\/\/paredinsights.org\/es\/wp-json\/wp\/v2\/users\/1"}],"replies":[{"embeddable":true,"href":"https:\/\/paredinsights.org\/es\/wp-json\/wp\/v2\/comments?post=1437"}],"version-history":[{"count":3,"href":"https:\/\/paredinsights.org\/es\/wp-json\/wp\/v2\/pages\/1437\/revisions"}],"predecessor-version":[{"id":1763,"href":"https:\/\/paredinsights.org\/es\/wp-json\/wp\/v2\/pages\/1437\/revisions\/1763"}],"wp:attachment":[{"href":"https:\/\/paredinsights.org\/es\/wp-json\/wp\/v2\/media?parent=1437"}],"curies":[{"name":"wp","href":"https:\/\/api.w.org\/{rel}","templated":true}]}}