{"id":1442,"date":"2025-05-19T14:21:27","date_gmt":"2025-05-19T14:21:27","guid":{"rendered":"https:\/\/paredinsights.org\/publicaciones\/"},"modified":"2025-05-19T17:16:59","modified_gmt":"2025-05-19T17:16:59","slug":"publicaciones","status":"publish","type":"page","link":"https:\/\/paredinsights.org\/es\/publicaciones\/","title":{"rendered":"Publicaciones"},"content":{"rendered":"<div id=\"cs-content\" class=\"cs-content\"><\/div>\n","protected":false},"excerpt":{"rendered":"<p>Publicaciones Bienvenido a la biblioteca de publicaciones de PARED Insights. Puede consultar la lista m\u00e1s actualizada de publicaciones en cualquier momento visitando el laboratorio de investigaci\u00f3n de PARED Insights en ResearchGate. 2024 Evaluaci\u00f3n del impacto en la calidad de vida de la infecci\u00f3n urinaria recurrente: Validaci\u00f3n y perfeccionamiento del Cuestionario de impacto de la IU recurrente (RUTIIQ) Este estudio confirm\u00f3 &#8230; <\/p>\n<div><a href=\"https:\/\/paredinsights.org\/es\/publicaciones\/\" class=\"more-link\">Leer m\u00e1s<\/a><\/div>\n","protected":false},"author":1,"featured_media":0,"parent":0,"menu_order":0,"comment_status":"closed","ping_status":"closed","template":"template-blank-4.php","meta":{"_acf_changed":false,"footnotes":""},"class_list":["post-1442","page","type-page","status-publish","hentry","no-post-thumbnail"],"featured_image_src":null,"acf":[],"_links":{"self":[{"href":"https:\/\/paredinsights.org\/es\/wp-json\/wp\/v2\/pages\/1442","targetHints":{"allow":["GET"]}}],"collection":[{"href":"https:\/\/paredinsights.org\/es\/wp-json\/wp\/v2\/pages"}],"about":[{"href":"https:\/\/paredinsights.org\/es\/wp-json\/wp\/v2\/types\/page"}],"author":[{"embeddable":true,"href":"https:\/\/paredinsights.org\/es\/wp-json\/wp\/v2\/users\/1"}],"replies":[{"embeddable":true,"href":"https:\/\/paredinsights.org\/es\/wp-json\/wp\/v2\/comments?post=1442"}],"version-history":[{"count":1,"href":"https:\/\/paredinsights.org\/es\/wp-json\/wp\/v2\/pages\/1442\/revisions"}],"predecessor-version":[{"id":1444,"href":"https:\/\/paredinsights.org\/es\/wp-json\/wp\/v2\/pages\/1442\/revisions\/1444"}],"wp:attachment":[{"href":"https:\/\/paredinsights.org\/es\/wp-json\/wp\/v2\/media?parent=1442"}],"curies":[{"name":"wp","href":"https:\/\/api.w.org\/{rel}","templated":true}]}}