{"id":1461,"date":"2025-05-19T14:21:44","date_gmt":"2025-05-19T14:21:44","guid":{"rendered":"https:\/\/paredinsights.org\/articulos-y-medios-de-comunicacion\/"},"modified":"2025-05-19T14:21:52","modified_gmt":"2025-05-19T14:21:52","slug":"articulos-y-medios-de-comunicacion","status":"publish","type":"page","link":"https:\/\/paredinsights.org\/es\/articulos-y-medios-de-comunicacion\/","title":{"rendered":"Art\u00edculos y medios de comunicaci\u00f3n"},"content":{"rendered":"<div id=\"cs-content\" class=\"cs-content\"><\/div>\n","protected":false},"excerpt":{"rendered":"<p>Art\u00edculos y medios de comunicaci\u00f3n Bienvenido a la p\u00e1gina de noticias de PARED Insights, nuestro hogar para art\u00edculos de blog y anunciosArt\u00edculos Superar los retos de la captaci\u00f3n de pacientes en la investigaci\u00f3n sobre la salud de la mujer , mayo 19, 2025PROMs: Amplificar la voz de las pacientes en la investigaci\u00f3n sobre la salud de la mujer , mayo &#8230; <\/p>\n<div><a href=\"https:\/\/paredinsights.org\/es\/articulos-y-medios-de-comunicacion\/\" class=\"more-link\">Leer m\u00e1s<\/a><\/div>\n","protected":false},"author":1,"featured_media":0,"parent":0,"menu_order":0,"comment_status":"closed","ping_status":"closed","template":"template-blank-4.php","meta":{"_acf_changed":false,"footnotes":""},"class_list":["post-1461","page","type-page","status-publish","hentry","no-post-thumbnail"],"featured_image_src":null,"acf":[],"_links":{"self":[{"href":"https:\/\/paredinsights.org\/es\/wp-json\/wp\/v2\/pages\/1461","targetHints":{"allow":["GET"]}}],"collection":[{"href":"https:\/\/paredinsights.org\/es\/wp-json\/wp\/v2\/pages"}],"about":[{"href":"https:\/\/paredinsights.org\/es\/wp-json\/wp\/v2\/types\/page"}],"author":[{"embeddable":true,"href":"https:\/\/paredinsights.org\/es\/wp-json\/wp\/v2\/users\/1"}],"replies":[{"embeddable":true,"href":"https:\/\/paredinsights.org\/es\/wp-json\/wp\/v2\/comments?post=1461"}],"version-history":[{"count":1,"href":"https:\/\/paredinsights.org\/es\/wp-json\/wp\/v2\/pages\/1461\/revisions"}],"predecessor-version":[{"id":1463,"href":"https:\/\/paredinsights.org\/es\/wp-json\/wp\/v2\/pages\/1461\/revisions\/1463"}],"wp:attachment":[{"href":"https:\/\/paredinsights.org\/es\/wp-json\/wp\/v2\/media?parent=1461"}],"curies":[{"name":"wp","href":"https:\/\/api.w.org\/{rel}","templated":true}]}}