{"id":1468,"date":"2025-05-19T14:21:47","date_gmt":"2025-05-19T14:21:47","guid":{"rendered":"https:\/\/paredinsights.org\/servicios\/"},"modified":"2025-05-19T14:22:05","modified_gmt":"2025-05-19T14:22:05","slug":"servicios","status":"publish","type":"page","link":"https:\/\/paredinsights.org\/es\/servicios\/","title":{"rendered":"Servicios"},"content":{"rendered":"<div id=\"cs-content\" class=\"cs-content\"><\/div>\n","protected":false},"excerpt":{"rendered":"<p>SERVICIOS DE INVESTIGACI\u00d3N M\u00e1s del 80% de los estudios a nivel mundial no consiguen alcanzar sus objetivos de reclutamiento Esto suele deberse a una combinaci\u00f3n de dise\u00f1o del estudio, presupuestos de reclutamiento poco realistas y falta de participaci\u00f3n de los pacientes en el proceso.PARED Insights ofrece una amplia gama de tipos de apoyo a la investigaci\u00f3n a diferentes escalas e &#8230; <\/p>\n<div><a href=\"https:\/\/paredinsights.org\/es\/servicios\/\" class=\"more-link\">Leer m\u00e1s<\/a><\/div>\n","protected":false},"author":1,"featured_media":0,"parent":0,"menu_order":0,"comment_status":"closed","ping_status":"closed","template":"template-blank-4.php","meta":{"_acf_changed":false,"footnotes":""},"class_list":["post-1468","page","type-page","status-publish","hentry","no-post-thumbnail"],"featured_image_src":null,"acf":[],"_links":{"self":[{"href":"https:\/\/paredinsights.org\/es\/wp-json\/wp\/v2\/pages\/1468","targetHints":{"allow":["GET"]}}],"collection":[{"href":"https:\/\/paredinsights.org\/es\/wp-json\/wp\/v2\/pages"}],"about":[{"href":"https:\/\/paredinsights.org\/es\/wp-json\/wp\/v2\/types\/page"}],"author":[{"embeddable":true,"href":"https:\/\/paredinsights.org\/es\/wp-json\/wp\/v2\/users\/1"}],"replies":[{"embeddable":true,"href":"https:\/\/paredinsights.org\/es\/wp-json\/wp\/v2\/comments?post=1468"}],"version-history":[{"count":1,"href":"https:\/\/paredinsights.org\/es\/wp-json\/wp\/v2\/pages\/1468\/revisions"}],"predecessor-version":[{"id":1469,"href":"https:\/\/paredinsights.org\/es\/wp-json\/wp\/v2\/pages\/1468\/revisions\/1469"}],"wp:attachment":[{"href":"https:\/\/paredinsights.org\/es\/wp-json\/wp\/v2\/media?parent=1468"}],"curies":[{"name":"wp","href":"https:\/\/api.w.org\/{rel}","templated":true}]}}