{"id":1542,"date":"2025-05-19T16:38:37","date_gmt":"2025-05-19T16:38:37","guid":{"rendered":"https:\/\/paredinsights.org\/herramientas-de-evaluacion\/rutiiq-cuestionario-de-impacto-de-las-infecciones-urinarias-recurrentes\/"},"modified":"2026-03-02T11:36:31","modified_gmt":"2026-03-02T11:36:31","slug":"rutiiq-cuestionario-de-impacto-de-las-infecciones-urinarias-recurrentes","status":"publish","type":"page","link":"https:\/\/paredinsights.org\/es\/herramientas-de-evaluacion\/rutiiq-cuestionario-de-impacto-de-las-infecciones-urinarias-recurrentes\/","title":{"rendered":"RUTIIQ | Cuestionario de Impacto de las Infecciones Urinarias Recurrentes"},"content":{"rendered":"<div id=\"cs-content\" class=\"cs-content\"><\/div>\n","protected":false},"excerpt":{"rendered":"<p>El Cuestionario de Impacto de las Infecciones Urinarias Recurrentes RUTIIQ DetallesEl Cuestionario del impacto de las infecciones recurrentes del tracto urinario, o RUTIIQ, es una medida validada de los resultados comunicados por los pacientes (PROM) desarrollada para evaluar el impacto psicosocial \u00fanico de vivir con una infecci\u00f3n urinaria recurrente (IUr). La IU recurrente, caracterizada por la aparici\u00f3n repetida de s\u00edntomas &#8230; <\/p>\n<div><a href=\"https:\/\/paredinsights.org\/es\/herramientas-de-evaluacion\/rutiiq-cuestionario-de-impacto-de-las-infecciones-urinarias-recurrentes\/\" class=\"more-link\">Leer m\u00e1s<\/a><\/div>\n","protected":false},"author":1,"featured_media":0,"parent":1437,"menu_order":0,"comment_status":"closed","ping_status":"closed","template":"template-blank-5.php","meta":{"_acf_changed":false,"footnotes":""},"class_list":["post-1542","page","type-page","status-publish","hentry","no-post-thumbnail"],"featured_image_src":null,"acf":[],"_links":{"self":[{"href":"https:\/\/paredinsights.org\/es\/wp-json\/wp\/v2\/pages\/1542","targetHints":{"allow":["GET"]}}],"collection":[{"href":"https:\/\/paredinsights.org\/es\/wp-json\/wp\/v2\/pages"}],"about":[{"href":"https:\/\/paredinsights.org\/es\/wp-json\/wp\/v2\/types\/page"}],"author":[{"embeddable":true,"href":"https:\/\/paredinsights.org\/es\/wp-json\/wp\/v2\/users\/1"}],"replies":[{"embeddable":true,"href":"https:\/\/paredinsights.org\/es\/wp-json\/wp\/v2\/comments?post=1542"}],"version-history":[{"count":3,"href":"https:\/\/paredinsights.org\/es\/wp-json\/wp\/v2\/pages\/1542\/revisions"}],"predecessor-version":[{"id":1699,"href":"https:\/\/paredinsights.org\/es\/wp-json\/wp\/v2\/pages\/1542\/revisions\/1699"}],"up":[{"embeddable":true,"href":"https:\/\/paredinsights.org\/es\/wp-json\/wp\/v2\/pages\/1437"}],"wp:attachment":[{"href":"https:\/\/paredinsights.org\/es\/wp-json\/wp\/v2\/media?parent=1542"}],"curies":[{"name":"wp","href":"https:\/\/api.w.org\/{rel}","templated":true}]}}