{"id":1561,"date":"2025-05-19T16:39:47","date_gmt":"2025-05-19T16:39:47","guid":{"rendered":"https:\/\/paredinsights.org\/herramientas-de-evaluacion\/rutiss-la-escala-de-sintomas-de-infeccion-urinaria-recurrente\/"},"modified":"2025-05-19T16:47:09","modified_gmt":"2025-05-19T16:47:09","slug":"rutiss-la-escala-de-sintomas-de-infeccion-urinaria-recurrente","status":"publish","type":"page","link":"https:\/\/paredinsights.org\/es\/herramientas-de-evaluacion\/rutiss-la-escala-de-sintomas-de-infeccion-urinaria-recurrente\/","title":{"rendered":"RUTISS | La escala de s\u00edntomas de infecci\u00f3n urinaria recurrente"},"content":{"rendered":"<div id=\"cs-content\" class=\"cs-content\"><\/div>\n","protected":false},"excerpt":{"rendered":"<p>El Cuestionario de Impacto de las Infecciones Urinarias Recurrentes RUTISS DetallesLa escala de s\u00edntomas de infecci\u00f3n urinaria recurrente, o RUTISS, es una breve medida de resultados informada por el paciente (PROM) validada y desarrollada espec\u00edficamente para evaluar la experiencia del paciente sobre la gravedad de los s\u00edntomas y el dolor de la infecci\u00f3n urinaria recurrente (IUr). Dados los hallazgos de &#8230; <\/p>\n<div><a href=\"https:\/\/paredinsights.org\/es\/herramientas-de-evaluacion\/rutiss-la-escala-de-sintomas-de-infeccion-urinaria-recurrente\/\" class=\"more-link\">Leer m\u00e1s<\/a><\/div>\n","protected":false},"author":1,"featured_media":0,"parent":1437,"menu_order":0,"comment_status":"closed","ping_status":"closed","template":"template-blank-5.php","meta":{"_acf_changed":false,"footnotes":""},"class_list":["post-1561","page","type-page","status-publish","hentry","no-post-thumbnail"],"featured_image_src":null,"acf":[],"_links":{"self":[{"href":"https:\/\/paredinsights.org\/es\/wp-json\/wp\/v2\/pages\/1561","targetHints":{"allow":["GET"]}}],"collection":[{"href":"https:\/\/paredinsights.org\/es\/wp-json\/wp\/v2\/pages"}],"about":[{"href":"https:\/\/paredinsights.org\/es\/wp-json\/wp\/v2\/types\/page"}],"author":[{"embeddable":true,"href":"https:\/\/paredinsights.org\/es\/wp-json\/wp\/v2\/users\/1"}],"replies":[{"embeddable":true,"href":"https:\/\/paredinsights.org\/es\/wp-json\/wp\/v2\/comments?post=1561"}],"version-history":[{"count":1,"href":"https:\/\/paredinsights.org\/es\/wp-json\/wp\/v2\/pages\/1561\/revisions"}],"predecessor-version":[{"id":1570,"href":"https:\/\/paredinsights.org\/es\/wp-json\/wp\/v2\/pages\/1561\/revisions\/1570"}],"up":[{"embeddable":true,"href":"https:\/\/paredinsights.org\/es\/wp-json\/wp\/v2\/pages\/1437"}],"wp:attachment":[{"href":"https:\/\/paredinsights.org\/es\/wp-json\/wp\/v2\/media?parent=1561"}],"curies":[{"name":"wp","href":"https:\/\/api.w.org\/{rel}","templated":true}]}}