{"id":1335,"date":"2025-05-19T12:22:22","date_gmt":"2025-05-19T12:22:22","guid":{"rendered":"https:\/\/paredinsights.org\/pared-insights-lengagement-des-patients-a-chaque-etape\/"},"modified":"2026-03-18T15:36:31","modified_gmt":"2026-03-18T15:36:31","slug":"pared-insights-lengagement-des-patients-a-chaque-etape","status":"publish","type":"page","link":"https:\/\/paredinsights.org\/fr\/","title":{"rendered":"PARED Insights &#8211; L&rsquo;engagement des patients \u00e0 chaque \u00e9tape"},"content":{"rendered":"<div id=\"cs-content\" class=\"cs-content\"><\/div>\n","protected":false},"excerpt":{"rendered":"<p>L&rsquo;engagement des patients \u00e0 chaque \u00e9tape L&rsquo;engagement des patients \u00e0 chaque \u00e9tape Obtenez de meilleurs r\u00e9sultats gr\u00e2ce \u00e0 une conception d&rsquo;\u00e9tude centr\u00e9e sur le patient avec PARED Insights. Pour les coordinateurs de recherche et les promoteurs d&rsquo;\u00e9tudes sur la sant\u00e9 urinaire et pelvienne des femmes. Voir les servicesContactez nousL&rsquo;engagement des patients \u00e0 chaque \u00e9tape L&rsquo;engagement des patients \u00e0 chaque \u00e9tape &#8230; <\/p>\n<div><a href=\"https:\/\/paredinsights.org\/fr\/\" class=\"more-link\">Lire la suite<\/a><\/div>\n","protected":false},"author":1,"featured_media":0,"parent":0,"menu_order":0,"comment_status":"closed","ping_status":"closed","template":"template-blank-4.php","meta":{"_acf_changed":false,"footnotes":""},"class_list":["post-1335","page","type-page","status-publish","hentry","no-post-thumbnail"],"featured_image_src":null,"acf":[],"_links":{"self":[{"href":"https:\/\/paredinsights.org\/fr\/wp-json\/wp\/v2\/pages\/1335","targetHints":{"allow":["GET"]}}],"collection":[{"href":"https:\/\/paredinsights.org\/fr\/wp-json\/wp\/v2\/pages"}],"about":[{"href":"https:\/\/paredinsights.org\/fr\/wp-json\/wp\/v2\/types\/page"}],"author":[{"embeddable":true,"href":"https:\/\/paredinsights.org\/fr\/wp-json\/wp\/v2\/users\/1"}],"replies":[{"embeddable":true,"href":"https:\/\/paredinsights.org\/fr\/wp-json\/wp\/v2\/comments?post=1335"}],"version-history":[{"count":4,"href":"https:\/\/paredinsights.org\/fr\/wp-json\/wp\/v2\/pages\/1335\/revisions"}],"predecessor-version":[{"id":1821,"href":"https:\/\/paredinsights.org\/fr\/wp-json\/wp\/v2\/pages\/1335\/revisions\/1821"}],"wp:attachment":[{"href":"https:\/\/paredinsights.org\/fr\/wp-json\/wp\/v2\/media?parent=1335"}],"curies":[{"name":"wp","href":"https:\/\/api.w.org\/{rel}","templated":true}]}}