{"id":1380,"date":"2025-05-19T14:17:04","date_gmt":"2025-05-19T14:17:04","guid":{"rendered":"https:\/\/paredinsights.org\/a-propos-de-nous\/"},"modified":"2025-05-19T17:16:54","modified_gmt":"2025-05-19T17:16:54","slug":"a-propos-de-nous","status":"publish","type":"page","link":"https:\/\/paredinsights.org\/fr\/a-propos-de-nous\/","title":{"rendered":"A propos de nous"},"content":{"rendered":"<div id=\"cs-content\" class=\"cs-content\"><\/div>\n","protected":false},"excerpt":{"rendered":"<p>\u00c0 propos de PARED Insights Obtenez de meilleurs r\u00e9sultats gr\u00e2ce \u00e0 une conception d&rsquo;\u00e9tude centr\u00e9e sur le patient avec PARED Insights. Pour les coordinateurs de recherche et les promoteurs d&rsquo;\u00e9tudes sur la sant\u00e9 urinaire et pelvienne des femmes. Voir les servicesNotre mission est de faire progresser la sant\u00e9 des femmes par la mise en \u0153uvre d&rsquo;une approche centr\u00e9e sur le &#8230; <\/p>\n<div><a href=\"https:\/\/paredinsights.org\/fr\/a-propos-de-nous\/\" class=\"more-link\">Lire la suite<\/a><\/div>\n","protected":false},"author":1,"featured_media":0,"parent":0,"menu_order":0,"comment_status":"closed","ping_status":"closed","template":"template-blank-4.php","meta":{"_acf_changed":false,"footnotes":""},"class_list":["post-1380","page","type-page","status-publish","hentry","no-post-thumbnail"],"featured_image_src":null,"acf":[],"_links":{"self":[{"href":"https:\/\/paredinsights.org\/fr\/wp-json\/wp\/v2\/pages\/1380","targetHints":{"allow":["GET"]}}],"collection":[{"href":"https:\/\/paredinsights.org\/fr\/wp-json\/wp\/v2\/pages"}],"about":[{"href":"https:\/\/paredinsights.org\/fr\/wp-json\/wp\/v2\/types\/page"}],"author":[{"embeddable":true,"href":"https:\/\/paredinsights.org\/fr\/wp-json\/wp\/v2\/users\/1"}],"replies":[{"embeddable":true,"href":"https:\/\/paredinsights.org\/fr\/wp-json\/wp\/v2\/comments?post=1380"}],"version-history":[{"count":1,"href":"https:\/\/paredinsights.org\/fr\/wp-json\/wp\/v2\/pages\/1380\/revisions"}],"predecessor-version":[{"id":1384,"href":"https:\/\/paredinsights.org\/fr\/wp-json\/wp\/v2\/pages\/1380\/revisions\/1384"}],"wp:attachment":[{"href":"https:\/\/paredinsights.org\/fr\/wp-json\/wp\/v2\/media?parent=1380"}],"curies":[{"name":"wp","href":"https:\/\/api.w.org\/{rel}","templated":true}]}}