{"id":1408,"date":"2025-05-19T14:18:06","date_gmt":"2025-05-19T14:18:06","guid":{"rendered":"https:\/\/paredinsights.org\/articles-et-medias\/"},"modified":"2025-05-19T14:18:17","modified_gmt":"2025-05-19T14:18:17","slug":"articles-et-medias","status":"publish","type":"page","link":"https:\/\/paredinsights.org\/fr\/articles-et-medias\/","title":{"rendered":"Articles et m\u00e9dias"},"content":{"rendered":"<div id=\"cs-content\" class=\"cs-content\"><\/div>\n","protected":false},"excerpt":{"rendered":"<p>Articles et m\u00e9dias Bienvenue sur la page d&rsquo;actualit\u00e9s de PARED Insights, o\u00f9 vous trouverez des articles de blog et des annonces.Articles Surmonter les difficult\u00e9s de recrutement des patientes dans la recherche sur la sant\u00e9 des femmes Emil Lamprecht, mai 19, 2025PROMs : Amplifier la voix des patientes dans la recherche sur la sant\u00e9 des femmes Emil Lamprecht, mai 19, 2025PREMs &#8230; <\/p>\n<div><a href=\"https:\/\/paredinsights.org\/fr\/articles-et-medias\/\" class=\"more-link\">Lire la suite<\/a><\/div>\n","protected":false},"author":1,"featured_media":0,"parent":0,"menu_order":0,"comment_status":"closed","ping_status":"closed","template":"template-blank-4.php","meta":{"_acf_changed":false,"footnotes":""},"class_list":["post-1408","page","type-page","status-publish","hentry","no-post-thumbnail"],"featured_image_src":null,"acf":[],"_links":{"self":[{"href":"https:\/\/paredinsights.org\/fr\/wp-json\/wp\/v2\/pages\/1408","targetHints":{"allow":["GET"]}}],"collection":[{"href":"https:\/\/paredinsights.org\/fr\/wp-json\/wp\/v2\/pages"}],"about":[{"href":"https:\/\/paredinsights.org\/fr\/wp-json\/wp\/v2\/types\/page"}],"author":[{"embeddable":true,"href":"https:\/\/paredinsights.org\/fr\/wp-json\/wp\/v2\/users\/1"}],"replies":[{"embeddable":true,"href":"https:\/\/paredinsights.org\/fr\/wp-json\/wp\/v2\/comments?post=1408"}],"version-history":[{"count":2,"href":"https:\/\/paredinsights.org\/fr\/wp-json\/wp\/v2\/pages\/1408\/revisions"}],"predecessor-version":[{"id":1415,"href":"https:\/\/paredinsights.org\/fr\/wp-json\/wp\/v2\/pages\/1408\/revisions\/1415"}],"wp:attachment":[{"href":"https:\/\/paredinsights.org\/fr\/wp-json\/wp\/v2\/media?parent=1408"}],"curies":[{"name":"wp","href":"https:\/\/api.w.org\/{rel}","templated":true}]}}