{"id":1434,"date":"2025-05-19T14:21:17","date_gmt":"2025-05-19T14:21:17","guid":{"rendered":"https:\/\/paredinsights.org\/outils-devaluation\/"},"modified":"2026-03-03T13:08:09","modified_gmt":"2026-03-03T13:08:09","slug":"outils-devaluation","status":"publish","type":"page","link":"https:\/\/paredinsights.org\/fr\/outils-devaluation\/","title":{"rendered":"Outils d&rsquo;\u00e9valuation"},"content":{"rendered":"<div id=\"cs-content\" class=\"cs-content\"><\/div>\n","protected":false},"excerpt":{"rendered":"<p>Outils d&rsquo;\u00e9valuation Nos outils valid\u00e9s de mesure des r\u00e9sultats rapport\u00e9s par les patients (PROM) ont \u00e9t\u00e9 utilis\u00e9s dans le monde entier dans le cadre de recherches. Gr\u00e2ce \u00e0 ces outils, la recherche et la pratique clinique donnent la priorit\u00e9 au point de vue du patient et veillent \u00e0 ce que la voix du patient soit entendue. \u00c0 l&rsquo;heure actuelle, notre &#8230; <\/p>\n<div><a href=\"https:\/\/paredinsights.org\/fr\/outils-devaluation\/\" class=\"more-link\">Lire la suite<\/a><\/div>\n","protected":false},"author":1,"featured_media":0,"parent":0,"menu_order":0,"comment_status":"closed","ping_status":"closed","template":"template-blank-4.php","meta":{"_acf_changed":false,"footnotes":""},"class_list":["post-1434","page","type-page","status-publish","hentry","no-post-thumbnail"],"featured_image_src":null,"acf":[],"_links":{"self":[{"href":"https:\/\/paredinsights.org\/fr\/wp-json\/wp\/v2\/pages\/1434","targetHints":{"allow":["GET"]}}],"collection":[{"href":"https:\/\/paredinsights.org\/fr\/wp-json\/wp\/v2\/pages"}],"about":[{"href":"https:\/\/paredinsights.org\/fr\/wp-json\/wp\/v2\/types\/page"}],"author":[{"embeddable":true,"href":"https:\/\/paredinsights.org\/fr\/wp-json\/wp\/v2\/users\/1"}],"replies":[{"embeddable":true,"href":"https:\/\/paredinsights.org\/fr\/wp-json\/wp\/v2\/comments?post=1434"}],"version-history":[{"count":3,"href":"https:\/\/paredinsights.org\/fr\/wp-json\/wp\/v2\/pages\/1434\/revisions"}],"predecessor-version":[{"id":1764,"href":"https:\/\/paredinsights.org\/fr\/wp-json\/wp\/v2\/pages\/1434\/revisions\/1764"}],"wp:attachment":[{"href":"https:\/\/paredinsights.org\/fr\/wp-json\/wp\/v2\/media?parent=1434"}],"curies":[{"name":"wp","href":"https:\/\/api.w.org\/{rel}","templated":true}]}}