{"id":1553,"date":"2025-05-19T16:38:50","date_gmt":"2025-05-19T16:38:50","guid":{"rendered":"https:\/\/paredinsights.org\/outils-devaluation\/rutiiq-questionnaire-sur-limpact-des-infections-recurrentes-des-voies-urinaires\/"},"modified":"2026-03-02T11:36:36","modified_gmt":"2026-03-02T11:36:36","slug":"rutiiq-questionnaire-sur-limpact-des-infections-recurrentes-des-voies-urinaires","status":"publish","type":"page","link":"https:\/\/paredinsights.org\/fr\/outils-devaluation\/rutiiq-questionnaire-sur-limpact-des-infections-recurrentes-des-voies-urinaires\/","title":{"rendered":"RUTIIQ &#8211; Questionnaire sur l&rsquo;impact des infections r\u00e9currentes des voies urinaires"},"content":{"rendered":"<div id=\"cs-content\" class=\"cs-content\"><\/div>\n","protected":false},"excerpt":{"rendered":"<p>Questionnaire sur l&rsquo;impact des infections r\u00e9currentes des voies urinaires D\u00e9tails RUTIIQLe Recurrent Urinary Tract Infection Impact Questionnaire, ou RUTIIQ, est un instrument valid\u00e9 de mesure des r\u00e9sultats rapport\u00e9s par les patients (PROM), mis au point pour \u00e9valuer l&rsquo;impact psychosocial unique de la vie avec une infection urinaire r\u00e9currente (rUTI). Les infections urinaires r\u00e9currentes, caract\u00e9ris\u00e9es par des sympt\u00f4mes et des douleurs &#8230; <\/p>\n<div><a href=\"https:\/\/paredinsights.org\/fr\/outils-devaluation\/rutiiq-questionnaire-sur-limpact-des-infections-recurrentes-des-voies-urinaires\/\" class=\"more-link\">Lire la suite<\/a><\/div>\n","protected":false},"author":1,"featured_media":0,"parent":1434,"menu_order":0,"comment_status":"closed","ping_status":"closed","template":"template-blank-5.php","meta":{"_acf_changed":false,"footnotes":""},"class_list":["post-1553","page","type-page","status-publish","hentry","no-post-thumbnail"],"featured_image_src":null,"acf":[],"_links":{"self":[{"href":"https:\/\/paredinsights.org\/fr\/wp-json\/wp\/v2\/pages\/1553","targetHints":{"allow":["GET"]}}],"collection":[{"href":"https:\/\/paredinsights.org\/fr\/wp-json\/wp\/v2\/pages"}],"about":[{"href":"https:\/\/paredinsights.org\/fr\/wp-json\/wp\/v2\/types\/page"}],"author":[{"embeddable":true,"href":"https:\/\/paredinsights.org\/fr\/wp-json\/wp\/v2\/users\/1"}],"replies":[{"embeddable":true,"href":"https:\/\/paredinsights.org\/fr\/wp-json\/wp\/v2\/comments?post=1553"}],"version-history":[{"count":4,"href":"https:\/\/paredinsights.org\/fr\/wp-json\/wp\/v2\/pages\/1553\/revisions"}],"predecessor-version":[{"id":1704,"href":"https:\/\/paredinsights.org\/fr\/wp-json\/wp\/v2\/pages\/1553\/revisions\/1704"}],"up":[{"embeddable":true,"href":"https:\/\/paredinsights.org\/fr\/wp-json\/wp\/v2\/pages\/1434"}],"wp:attachment":[{"href":"https:\/\/paredinsights.org\/fr\/wp-json\/wp\/v2\/media?parent=1553"}],"curies":[{"name":"wp","href":"https:\/\/api.w.org\/{rel}","templated":true}]}}