{"id":1557,"date":"2025-05-19T16:39:04","date_gmt":"2025-05-19T16:39:04","guid":{"rendered":"https:\/\/paredinsights.org\/outils-devaluation\/rutiss-echelle-des-symptomes-dinfections-recurrentes-des-voies-urinaires\/"},"modified":"2025-05-19T16:47:06","modified_gmt":"2025-05-19T16:47:06","slug":"rutiss-echelle-des-symptomes-dinfections-recurrentes-des-voies-urinaires","status":"publish","type":"page","link":"https:\/\/paredinsights.org\/fr\/outils-devaluation\/rutiss-echelle-des-symptomes-dinfections-recurrentes-des-voies-urinaires\/","title":{"rendered":"RUTISS &#8211; \u00c9chelle des sympt\u00f4mes d&rsquo;infections r\u00e9currentes des voies urinaires"},"content":{"rendered":"<div id=\"cs-content\" class=\"cs-content\"><\/div>\n","protected":false},"excerpt":{"rendered":"<p>Questionnaire sur l&rsquo;impact des infections r\u00e9currentes des voies urinaires RUTISS D\u00e9tailsL&rsquo;\u00e9chelle des sympt\u00f4mes des infections r\u00e9currentes des voies urinaires, ou RUTISS, est une mesure br\u00e8ve et valid\u00e9e des r\u00e9sultats rapport\u00e9s par les patients (PROM), d\u00e9velopp\u00e9e sp\u00e9cifiquement pour \u00e9valuer l&rsquo;exp\u00e9rience des patients concernant les sympt\u00f4mes des infections r\u00e9currentes des voies urinaires et la s\u00e9v\u00e9rit\u00e9 de la douleur. \u00c9tant donn\u00e9 que jusqu&rsquo;\u00e0 &#8230; <\/p>\n<div><a href=\"https:\/\/paredinsights.org\/fr\/outils-devaluation\/rutiss-echelle-des-symptomes-dinfections-recurrentes-des-voies-urinaires\/\" class=\"more-link\">Lire la suite<\/a><\/div>\n","protected":false},"author":1,"featured_media":0,"parent":1434,"menu_order":0,"comment_status":"closed","ping_status":"closed","template":"template-blank-5.php","meta":{"_acf_changed":false,"footnotes":""},"class_list":["post-1557","page","type-page","status-publish","hentry","no-post-thumbnail"],"featured_image_src":null,"acf":[],"_links":{"self":[{"href":"https:\/\/paredinsights.org\/fr\/wp-json\/wp\/v2\/pages\/1557","targetHints":{"allow":["GET"]}}],"collection":[{"href":"https:\/\/paredinsights.org\/fr\/wp-json\/wp\/v2\/pages"}],"about":[{"href":"https:\/\/paredinsights.org\/fr\/wp-json\/wp\/v2\/types\/page"}],"author":[{"embeddable":true,"href":"https:\/\/paredinsights.org\/fr\/wp-json\/wp\/v2\/users\/1"}],"replies":[{"embeddable":true,"href":"https:\/\/paredinsights.org\/fr\/wp-json\/wp\/v2\/comments?post=1557"}],"version-history":[{"count":1,"href":"https:\/\/paredinsights.org\/fr\/wp-json\/wp\/v2\/pages\/1557\/revisions"}],"predecessor-version":[{"id":1558,"href":"https:\/\/paredinsights.org\/fr\/wp-json\/wp\/v2\/pages\/1557\/revisions\/1558"}],"up":[{"embeddable":true,"href":"https:\/\/paredinsights.org\/fr\/wp-json\/wp\/v2\/pages\/1434"}],"wp:attachment":[{"href":"https:\/\/paredinsights.org\/fr\/wp-json\/wp\/v2\/media?parent=1557"}],"curies":[{"name":"wp","href":"https:\/\/api.w.org\/{rel}","templated":true}]}}