{"id":1395,"date":"2025-05-19T14:17:38","date_gmt":"2025-05-19T14:17:38","guid":{"rendered":"https:\/\/paredinsights.org\/informativa-sulla-privacy\/"},"modified":"2025-05-19T14:17:43","modified_gmt":"2025-05-19T14:17:43","slug":"informativa-sulla-privacy","status":"publish","type":"page","link":"https:\/\/paredinsights.org\/it\/informativa-sulla-privacy\/","title":{"rendered":"Informativa sulla privacy"},"content":{"rendered":"\n<h2 class=\"wp-block-heading\">Informativa sui cookie e sulla privacy<\/h2>\n\n<p>Definizioni<\/p>\n\n<p>&#8220;Pared Insights&#8221; significa &#8211; https:\/\/paredinsights.org<\/p>\n\n<p>&#8220;Sito web&#8221;, &#8220;Servizio&#8221; &#8211; significa https:\/\/paredinsights.org<\/p>\n\n<p>&#8220;Utente&#8221;, &#8220;lei&#8221;, &#8220;suo&#8221;, &#8220;suo&#8221; &#8211; indica la persona\/e, la ditta, l&#8217;azienda o l&#8217;organizzazione che accede al sito web.<\/p>\n\n<p>&#8220;Noi&#8221;, &#8220;ci&#8221;, &#8220;nostro&#8221;, &#8220;il nostro team&#8221; &#8211; significa Patient-centred Research and Data Insights Ltd (PARED Insights).  <\/p>\n\n<p>La preghiamo di leggere attentamente la presente Informativa sulla privacy. Visitando e utilizzando il Servizio, lei accetta che il suo utilizzo del nostro Servizio, e qualsiasi controversia sulla privacy, sia regolato dalla presente Informativa sulla privacy.   <\/p>\n\n<p>Possiamo raccogliere e memorizzare il suo indirizzo e-mail e qualsiasi altra informazione da lei fornita tramite i moduli presenti sul nostro sito web che le consentono di iscriversi o di richiedere informazioni. Queste informazioni possono includere, ma non solo, dettagli come il suo nome e il suo indirizzo e-mail. Se per qualsiasi motivo ci contatta, possiamo conservare la documentazione di tale corrispondenza.    <\/p>\n\n<p>Se si \u00e8 iscritto a un servizio e-mail gratuito da noi offerto, utilizzeremo le informazioni da lei fornite per inviarle queste e-mail. Se desidera annullare l&#8217;iscrizione in qualsiasi momento, le istruzioni su come farlo sono incluse in ogni e-mail. Utilizziamo Mailchimp per il nostro servizio di posta elettronica; pu\u00f2 consultare l&#8217;<a href=\"https:\/\/mailchimp.com\/legal\/privacy\/\" target=\"_blank\" rel=\"noreferrer noopener\">informativa sulla privacy di Mailchimp<\/a>.  <\/p>\n\n<p>Se ci invia un messaggio tramite il nostro modulo di contatto, il suo messaggio, il nome e l&#8217;indirizzo e-mail che ci fornisce, nonch\u00e9 le eventuali risposte future, saranno memorizzati in Help Scout, lo strumento che utilizziamo per rispondere a tutti i messaggi. Pu\u00f2 leggere ulteriori informazioni sull&#8217;<a href=\"https:\/\/www.helpscout.net\/company\/legal\/privacy\/\" target=\"_blank\" rel=\"noreferrer noopener\">informativa sulla privacy di Help Scout<\/a>. <\/p>\n\n<p>Se ci invia informazioni tramite un modulo pop-up sul nostro sito web, tutte le informazioni raccolte saranno memorizzate e trasferite a noi da Getsitecontrol. Pu\u00f2 consultare l&#8217;<a href=\"https:\/\/getsitecontrol.com\/privacy\/\" target=\"_blank\" rel=\"noreferrer noopener\">informativa sulla privacy di Getsitecontrol<\/a>. <\/p>\n\n<p>Il nostro team, i nostri partner o sponsor possono anche chiederle di completare sondaggi o informazioni per ricerche o opinioni. Lei ha il diritto di non rispondere a queste richieste. <\/p>\n\n<p>I suoi dati personali non saranno pubblicati, venduti, scambiati o trasmessi a terzi. Tutte le informazioni di identificazione personale che lei fornisce tramite il nostro sito web, anche attraverso l&#8217;invio di quiz o questionari, saranno conservate in un database sicuro.   <\/p>\n\n<p>I dati anonimi dei quiz o dei questionari, ossia le risposte che sono state separate dalle informazioni di identificazione personale, possono essere utilizzati per approfondire la nostra ricerca sul punto di vista dei pazienti sulle UTI ricorrenti e sulle patologie croniche del tratto urinario. In futuro, i dati anonimi raccolti potranno essere pubblicati nell&#8217;ambito di una ricerca pi\u00f9 ampia e potremo utilizzare i dati anonimi aggregati per assistere le organizzazioni che riteniamo stiano lavorando nell&#8217;interesse di chi soffre di UTI ricorrenti e croniche. <\/p>\n\n<p>Possiamo conservare informazioni sui dettagli delle sue visite al nostro sito web, allo scopo di migliorare l&#8217;esperienza dell&#8217;utente del nostro sito web.<\/p>\n\n<p>Utilizzando il nostro sito web, lei acconsente alla raccolta e all&#8217;utilizzo di queste informazioni da parte di PARED Insights. Se la nostra politica sulla privacy dovesse cambiare, pubblicheremo tali modifiche sul nostro sito web. <\/p>\n\n<p><strong>COOKIE<\/strong><\/p>\n\n<p><strong>Ultimo aggiornamento: <\/strong><strong>1 novembre, 2023<\/strong><\/p>\n\n<p>PARED Insights (&#8220;noi&#8221;, &#8220;ci&#8221; o &#8220;nostro&#8221;) utilizza i cookie sul nostro sito web (il &#8220;Servizio&#8221;) per raccogliere informazioni non personali, tra cui le informazioni di registro internet standard e i modelli comportamentali. Lo facciamo per offrirle un&#8217;esperienza migliore, analizzare le tendenze e migliorare il nostro sito web. Utilizzando il Servizio, lei acconsente all&#8217;uso dei cookie.  <\/p>\n\n<p>I cookie sono piccoli file di dati trasferiti sul suo computer, tablet o cellulare tramite il suo browser web quando visita un sito web. Un file cookie viene memorizzato nel suo browser web e consente al Servizio o a una terza parte di riconoscerla e di rendere la sua prossima visita pi\u00f9 facile e il Servizio pi\u00f9 utile per lei. <\/p>\n\n<p><strong>Come utilizziamo i cookie<\/strong><\/p>\n\n<p>Quando lei utilizza e accede al Servizio, possiamo inserire una serie di file cookie nel suo browser web.<\/p>\n\n<p>Utilizziamo cookie di terze parti per i seguenti scopi: per abilitare alcune funzioni del Servizio e per fornire analisi. Questi cookie di terze parti riportano l&#8217;uso e le statistiche di utilizzo del Servizio nei seguenti modi: <\/p>\n\n<p><em>Google Analytics<\/em><\/p>\n\n<p>Utilizziamo Google Analytics per aiutarci a raccogliere e analizzare i dati dei visitatori, comprese le informazioni sul volume dei visitatori, su come questi ci hanno trovato, su quanto tempo i visitatori rimangono sul nostro sito e su quali contenuti sono i pi\u00f9 popolari. Queste informazioni ci aiutano a migliorare il nostro sito web e la sua visita, e rendono pi\u00f9 pertinenti le modalit\u00e0 di condivisione delle informazioni. Per maggiori dettagli su come Google utilizza le informazioni raccolte, consulti l&#8217;<a href=\"https:\/\/www.google.com\/policies\/privacy\/partners\/\" target=\"_blank\" rel=\"noreferrer noopener\">informativa sulla privacy<\/a> di Google.  <\/p>\n\n<p><em>Matomo<\/em><\/p>\n\n<p>Utilizziamo Matomo per aiutarci a raccogliere analisi e valutare e analizzare il feedback e i modelli comportamentali delle pagine del nostro sito web. Ci permette di misurare e osservare il comportamento degli utenti e di migliorare di conseguenza la funzionalit\u00e0 del nostro sito web. Queste informazioni vengono raccolte passivamente, osservando il modo in cui i visitatori del nostro sito web navigano e interagiscono con i nostri contenuti. Per maggiori informazioni, consulti l&#8217;<a href=\"https:\/\/matomo.org\/privacy-policy\/\" target=\"_blank\" rel=\"noreferrer noopener\">informativa sulla privacy di Matomo<\/a>.   <\/p>\n\n<p><strong>Quali sono le sue scelte in merito ai cookie<\/strong><\/p>\n\n<p>Se desidera eliminare i cookie o indicare al suo browser web di eliminare o rifiutare i cookie, visiti le pagine di aiuto del suo browser web.<\/p>\n\n<p>Tuttavia, si prega di notare che se si cancellano i cookie o si rifiuta di accettarli, alcune funzioni del nostro sito web potrebbero non essere disponibili.<\/p>\n\n<p>Pu\u00f2 saperne di pi\u00f9 sui cookie visitando il sito:<\/p>\n\n<p>AllAboutCookies:<a href=\"http:\/\/www.allaboutcookies.org\/\" target=\"_blank\" rel=\"noreferrer noopener\"> http:\/\/www.allaboutcookies.org\/<\/a><\/p>\n\n<p><strong>Collegamenti ad altri siti<\/strong><\/p>\n\n<p>Il nostro sito web pu\u00f2 includere collegamenti ipertestuali ad altri siti web che non sono gestiti o controllati da noi. Questa politica si applica solo al nostro sito web e non siamo responsabili del contenuto o delle pratiche sulla privacy dei siti web di terzi. <\/p>\n\n<p><strong>Il suo consenso<\/strong><\/p>\n\n<p>Utilizzando il nostro sito web, lei acconsente alla raccolta e all&#8217;utilizzo di queste informazioni da parte di PARED Insights. Se decidiamo di modificare la nostra politica sulla privacy, pubblicheremo tali modifiche sul nostro sito. <\/p>\n\n<p>Se ha domande o dubbi sulla nostra politica sulla privacy, la preghiamo di mettersi in contatto con noi.<\/p>\n\n<p>Termini e condizioni del sito web<\/p>\n\n<p>Definizioni<\/p>\n\n<p>&#8220;Approfondimenti PARED&#8221; significa https:\/\/paredinsights.org<\/p>\n\n<p>&#8220;Sito web&#8221; significa &#8211; https:\/\/paredinsights.org<\/p>\n\n<p>&#8220;Utente&#8221;, &#8220;lei&#8221;, &#8220;suo&#8221;, &#8220;suo&#8221; &#8211; indica la persona\/e, la ditta, l&#8217;azienda o l&#8217;organizzazione che accede al sito web.<\/p>\n\n<p>&#8220;Noi&#8221;, &#8220;ci&#8221;, &#8220;nostro&#8221;, &#8220;il nostro team&#8221; &#8211; significa Patient-centred Research and Data Insights Ltd (PARED Insights).  <\/p>\n\n<p>Il suo contratto \u00e8 con Patient-centred Research and Data Insights Ltd (PARED Insights). Patient-centred Research and Data Insights Ltd \u00e8 registrata nel Regno Unito con il numero di societ\u00e0 15174619. L&#8217;indirizzo registrato \u00e8 Halifax House, 30 George St, HU1 3AJ, Regno Unito.  <\/p>\n\n<p>Utilizzando il nostro sito web, lei accetta di essere vincolato da questi Termini e Condizioni e di utilizzare il nostro sito web in conformit\u00e0 a questi Termini e Condizioni e alla nostra Informativa sulla privacy. Accetta di utilizzare il nostro sito web solo per scopi leciti. L&#8217;accesso al sito web, in qualsiasi modo, automatizzato o meno, costituisce l&#8217;uso del sito web e il suo accordo ad essere vincolato da questi Termini e Condizioni.  <\/p>\n\n<p>Ci riserviamo il diritto di modificare i nostri Termini e Condizioni in qualsiasi momento, pubblicando le modifiche online qui.<\/p>\n\n<p>L&#8217;accesso al nostro sito \u00e8 consentito all&#8217;utente su base temporanea. Ci riserviamo il diritto di ritirare o modificare il servizio che forniamo senza preavviso e non saremo responsabili se, per qualsiasi motivo, il nostro sito non fosse disponibile in qualsiasi momento o per qualsiasi periodo. Occasionalmente, in occasione di aggiornamenti, potremmo dover limitare l&#8217;accesso ad alcune parti del nostro sito.  <\/p>\n\n<p>Non pretendiamo che il contenuto di questo sito sia privo di errori e che il suo server sia privo di virus o bug. Cerchiamo di garantire l&#8217;aggiornamento di questo sito web, ma non possiamo garantire l&#8217;accuratezza e l&#8217;attualit\u00e0 delle informazioni in esso contenute.   <\/p>\n\n<p>Tutto il materiale di questo sito web \u00e8 fornito solo a titolo informativo e non pu\u00f2 essere interpretato come consulenza o istruzione medica. Non si deve intraprendere alcuna azione o inazione basandosi esclusivamente sul contenuto di queste informazioni; i visitatori del sito web devono invece consultare i professionisti sanitari appropriati per qualsiasi questione relativa alla loro salute e al loro benessere. <\/p>\n\n<p>Possiamo fornire link ad altri siti web di propriet\u00e0 di terzi. Si prega di notare che tutti i link sono forniti solo per sua comodit\u00e0 e, se non espressamente indicato, non appoggiamo o raccomandiamo alcun sito di terzi. Non ci assumiamo alcuna responsabilit\u00e0 per il contenuto dei siti web esterni a cui possiamo collegarci, n\u00e9 appoggiamo le opinioni o le attivit\u00e0 contenute in questi siti, in quanto sono forniti solo a scopo informativo. Non ci assumiamo alcuna responsabilit\u00e0 per eventuali perdite o danni che potrebbero derivare dal suo utilizzo di tali siti.   <\/p>\n\n<p>Non possiamo essere responsabili per i contenuti di terzi o per l&#8217;accuratezza di qualsiasi materiale pubblicato da lei o da qualsiasi altro utente del nostro sito. Non ci assumiamo alcuna responsabilit\u00e0 per l&#8217;affidamento su qualsiasi consiglio o messaggio pubblicato sul nostro sito da noi, dai visitatori, da terzi o da lei stesso. <\/p>\n\n<p><strong>Diritti di propriet\u00e0 intellettuale e copyright<\/strong><\/p>\n\n<p>Il copyright di tutte le informazioni, i testi e le immagini presenti sul nostro sito web \u00e8 di propriet\u00e0 o concesso in licenza a PARED Insights. Queste opere sono protette dalle leggi sul copyright. <\/p>\n\n<p>Qualsiasi uso commerciale o pubblicazione di tutti o di alcuni elementi visualizzati su questo sito \u00e8 severamente vietato senza previa autorizzazione. Pi\u00f9 specificamente, a meno che non sia esplicitamente autorizzato da questi Termini e Condizioni o da un consenso scritto, non pu\u00f2 modificare, copiare, riprodurre, ripubblicare, caricare, postare, trasmettere, tradurre, vendere, creare opere derivate, sfruttare o distribuire in qualsiasi modo o mezzo (anche tramite e-mail o altri mezzi elettronici) qualsiasi materiale del sito web. <\/p>\n\n<p>La sua licenza per noi  <\/p>\n\n<p>Pubblicando o inviando qualsiasi materiale (inclusi, a titolo esemplificativo, commenti, voci di blog, post su Twitter, foto e video) a noi tramite il sito web, i gruppi internet, i social media, o a qualsiasi membro del nostro staff via e-mail, testo o in altro modo, lei dichiara: (i) di essere il proprietario del materiale, o di effettuare la pubblicazione o l&#8217;invio con l&#8217;espresso consenso del proprietario del materiale; e (ii) di avere almeno tredici anni di et\u00e0.    <\/p>\n\n<p>Esclusione di responsabilit\u00e0<\/p>\n\n<p>Tutto il materiale di questo sito web \u00e8 fornito solo a titolo informativo e non pu\u00f2 essere interpretato come un consiglio o un&#8217;istruzione medica.<\/p>\n\n<p>PARED Insights non esercita la professione medica. Non \u00e8 un&#8217;autorit\u00e0 medica e non pretende di avere conoscenze mediche. Tutto il materiale di questo sito web \u00e8 fornito solo a titolo informativo. Non \u00e8 destinato a fungere da consulenza medica, n\u00e9 a fornire una diagnosi, n\u00e9 a sostituire la consulenza di un professionista sanitario qualificato. In tutti i casi, PARED Insights raccomanda di consultare un professionista sanitario qualificato.      <\/p>\n\n<p>Le informazioni contenute in questo sito sono state ricercate utilizzando risorse di dominio pubblico e condivise in buona fede, nella convinzione che siano affidabili e accurate. PARED Insights raccomanda sempre di condurre una ricerca indipendente e di discutere i risultati con il proprio medico. I lettori che non si consultano con gli operatori sanitari appropriati si assumono il rischio di eventuali lesioni. Inoltre, le informazioni e le opinioni espresse nei contributi di storie personali a questo sito web non riflettono necessariamente le opinioni di PARED Insights.   <\/p>\n\n<p>I prodotti presentati su questo sito non sono necessariamente raccomandati o approvati da PARED Insights.<\/p>\n\n<p>All&#8217;interno del nostro sito web, possiamo fornire link ad altri siti web gestiti da terzi. Il collegamento a tali siti di terzi non implica l&#8217;approvazione o la sponsorizzazione di questi siti o del materiale in essi contenuto. <\/p>\n\n<p>L&#8217;obiettivo di questo sito web \u00e8 quello di sensibilizzare l&#8217;opinione pubblica e di fornire informazioni sui limiti delle opzioni di test disponibili per le infezioni delle vie urinarie e di riassumere le prove disponibili sulle opzioni di trattamento per le infezioni delle vie urinarie.<\/p>\n\n<p>Se ritiene che le informazioni contenute in questo sito web non siano corrette, la preghiamo di contattare immediatamente PARED Insights tramite la nostra pagina di contatto.<\/p>\n\n<p>Copyright  <\/p>\n\n<p>Il Digital Millennium Copyright Act del 1998 (il &#8220;DMCA&#8221;) prevede un ricorso per i proprietari di copyright che ritengono che il materiale presente su Internet violi i loro diritti ai sensi della legge sul copyright degli Stati Uniti. Se ritiene in buona fede che i materiali ospitati da PARED Insights violino il suo diritto d&#8217;autore, lei o il suo agente pu\u00f2 inviare a PARED Insights una notifica per richiedere la rimozione del materiale o il blocco dell&#8217;accesso ad esso. Qualsiasi notifica da parte del titolare del copyright o di una persona autorizzata ad agire per suo conto che non rispetti i requisiti del DMCA non sar\u00e0 considerata una notifica sufficiente e non sar\u00e0 ritenuta in grado di conferire a PARED Insights la conoscenza effettiva di fatti o circostanze da cui risulti evidente il materiale o gli atti in violazione.    <\/p>\n\n<p>Se ritiene in buona fede che una notifica di violazione del copyright sia stata erroneamente presentata contro di lei, il DMCA le consente di inviare a PARED Insights una contro-notifica. Tutti gli avvisi e le contro-avvisi devono soddisfare i requisiti di legge vigenti imposti dal DMCA; per i dettagli, consulti http:\/\/www.loc.gov\/copyright. L&#8217;Agente per il copyright di PARED Insights per le notifiche di violazione del copyright o le contro notifiche pu\u00f2 essere contattato tramite il nostro modulo di contatto.  <\/p>\n\n<h2 class=\"wp-block-heading\">La nostra politica inclusiva<\/h2>\n\n<p>In PARED Insights ci impegniamo per un linguaggio inclusivo di genere e cerchiamo di farlo bene ogni volta che possiamo. Il nostro sito e le informazioni in esso contenute sono stati progettati per essere universalmente chiari e amichevoli, tenendo conto di tutti gli utenti. Riconosciamo che, a causa della nostra fede nelle informazioni basate sull&#8217;evidenza, molti dei nostri contenuti sono basati su studi e ricerche che si riferiscono specificamente alle &#8216;donne&#8217;. Quando facciamo riferimento diretto a informazioni esterne, utilizziamo il linguaggio fornito, per preservare l&#8217;accuratezza delle informazioni. Questo include citazioni direttamente da parte di medici e persone che hanno avuto esperienze di UTI ricorrenti.    <\/p>\n\n<p><br\/>In tutti gli altri casi, speriamo di essere il pi\u00f9 inclusivi possibile. Se pensa che possiamo fare meglio, ce lo faccia sapere, siamo felici di prendere in considerazione consigli su questo argomento! <\/p>\n","protected":false},"excerpt":{"rendered":"<p>Informativa sui cookie e sulla privacy Definizioni &#8220;Pared Insights&#8221; significa &#8211; https:\/\/paredinsights.org &#8220;Sito web&#8221;, &#8220;Servizio&#8221; &#8211; significa https:\/\/paredinsights.org &#8220;Utente&#8221;, &#8220;lei&#8221;, &#8220;suo&#8221;, &#8220;suo&#8221; &#8211; indica la persona\/e, la ditta, l&#8217;azienda o l&#8217;organizzazione che accede al sito web. &#8220;Noi&#8221;, &#8220;ci&#8221;, &#8220;nostro&#8221;, &#8220;il nostro team&#8221; &#8211; significa Patient-centred Research and Data Insights Ltd (PARED Insights). La preghiamo di leggere attentamente la presente Informativa &#8230; <\/p>\n<div><a href=\"https:\/\/paredinsights.org\/it\/informativa-sulla-privacy\/\" class=\"more-link\">Leggi di pi\u00f9<\/a><\/div>\n","protected":false},"author":1,"featured_media":0,"parent":0,"menu_order":0,"comment_status":"closed","ping_status":"closed","template":"","meta":{"_acf_changed":false,"footnotes":""},"class_list":["post-1395","page","type-page","status-publish","hentry","no-post-thumbnail"],"featured_image_src":null,"acf":[],"_links":{"self":[{"href":"https:\/\/paredinsights.org\/it\/wp-json\/wp\/v2\/pages\/1395","targetHints":{"allow":["GET"]}}],"collection":[{"href":"https:\/\/paredinsights.org\/it\/wp-json\/wp\/v2\/pages"}],"about":[{"href":"https:\/\/paredinsights.org\/it\/wp-json\/wp\/v2\/types\/page"}],"author":[{"embeddable":true,"href":"https:\/\/paredinsights.org\/it\/wp-json\/wp\/v2\/users\/1"}],"replies":[{"embeddable":true,"href":"https:\/\/paredinsights.org\/it\/wp-json\/wp\/v2\/comments?post=1395"}],"version-history":[{"count":1,"href":"https:\/\/paredinsights.org\/it\/wp-json\/wp\/v2\/pages\/1395\/revisions"}],"predecessor-version":[{"id":1399,"href":"https:\/\/paredinsights.org\/it\/wp-json\/wp\/v2\/pages\/1395\/revisions\/1399"}],"wp:attachment":[{"href":"https:\/\/paredinsights.org\/it\/wp-json\/wp\/v2\/media?parent=1395"}],"curies":[{"name":"wp","href":"https:\/\/api.w.org\/{rel}","templated":true}]}}