{"id":1337,"date":"2025-05-19T12:22:24","date_gmt":"2025-05-19T12:22:24","guid":{"rendered":"https:\/\/paredinsights.org\/pared-insights-patientbetrokkenheid-bij-elke-stap\/"},"modified":"2026-03-18T15:36:35","modified_gmt":"2026-03-18T15:36:35","slug":"pared-insights-patientbetrokkenheid-bij-elke-stap","status":"publish","type":"page","link":"https:\/\/paredinsights.org\/nl\/","title":{"rendered":"PARED Insights &#8211; Pati\u00ebntbetrokkenheid bij elke stap"},"content":{"rendered":"<div id=\"cs-content\" class=\"cs-content\"><\/div>\n","protected":false},"excerpt":{"rendered":"<p>Betrokkenheid van de pati\u00ebnt bij elke stap Betrokkenheid van de pati\u00ebnt bij elke stap Betere onderzoeksresultaten door pati\u00ebntgericht onderzoeksontwerp met PARED Insights. Voor onderzoeksco\u00f6rdinatoren en onderzoekssponsors die onderzoek doen naar de gezondheid van vrouwen op het gebied van urine en bekken. Zie DienstenContactBetrokkenheid van de pati\u00ebnt bij elke stap Betrokkenheid van de pati\u00ebnt bij elke stap Betere onderzoeksresultaten door pati\u00ebntgericht &#8230; <\/p>\n<div><a href=\"https:\/\/paredinsights.org\/nl\/\" class=\"more-link\">Meer lezen<\/a><\/div>\n","protected":false},"author":1,"featured_media":0,"parent":0,"menu_order":0,"comment_status":"closed","ping_status":"closed","template":"template-blank-4.php","meta":{"_acf_changed":false,"footnotes":""},"class_list":["post-1337","page","type-page","status-publish","hentry","no-post-thumbnail"],"featured_image_src":null,"acf":[],"_links":{"self":[{"href":"https:\/\/paredinsights.org\/nl\/wp-json\/wp\/v2\/pages\/1337","targetHints":{"allow":["GET"]}}],"collection":[{"href":"https:\/\/paredinsights.org\/nl\/wp-json\/wp\/v2\/pages"}],"about":[{"href":"https:\/\/paredinsights.org\/nl\/wp-json\/wp\/v2\/types\/page"}],"author":[{"embeddable":true,"href":"https:\/\/paredinsights.org\/nl\/wp-json\/wp\/v2\/users\/1"}],"replies":[{"embeddable":true,"href":"https:\/\/paredinsights.org\/nl\/wp-json\/wp\/v2\/comments?post=1337"}],"version-history":[{"count":5,"href":"https:\/\/paredinsights.org\/nl\/wp-json\/wp\/v2\/pages\/1337\/revisions"}],"predecessor-version":[{"id":1823,"href":"https:\/\/paredinsights.org\/nl\/wp-json\/wp\/v2\/pages\/1337\/revisions\/1823"}],"wp:attachment":[{"href":"https:\/\/paredinsights.org\/nl\/wp-json\/wp\/v2\/media?parent=1337"}],"curies":[{"name":"wp","href":"https:\/\/api.w.org\/{rel}","templated":true}]}}