{"id":1348,"date":"2025-05-19T12:22:45","date_gmt":"2025-05-19T12:22:45","guid":{"rendered":"https:\/\/paredinsights.org\/pared-insights-envolvimento-dos-doentes-a-cada-passo\/"},"modified":"2026-03-18T15:36:36","modified_gmt":"2026-03-18T15:36:36","slug":"pared-insights-envolvimento-dos-doentes-a-cada-passo","status":"publish","type":"page","link":"https:\/\/paredinsights.org\/pt-pt\/","title":{"rendered":"PARED Insights &#8211; Envolvimento dos doentes a cada passo"},"content":{"rendered":"<div id=\"cs-content\" class=\"cs-content\"><\/div>\n","protected":false},"excerpt":{"rendered":"<p>Envolvimento dos doentes em cada passo Envolvimento dos doentes em cada passo Obtenha melhores resultados de estudo atrav\u00e9s de um desenho de estudo centrado no paciente com o PARED Insights. Para coordenadores de investiga\u00e7\u00e3o e patrocinadores de estudos que investigam a sa\u00fade urin\u00e1ria e p\u00e9lvica da mulher. Ver servi\u00e7osContacte-nosEnvolvimento dos doentes em cada passo Envolvimento dos doentes em cada passo &#8230; <\/p>\n<div><a href=\"https:\/\/paredinsights.org\/pt-pt\/\" class=\"more-link\">Leia mais<\/a><\/div>\n","protected":false},"author":1,"featured_media":0,"parent":0,"menu_order":0,"comment_status":"closed","ping_status":"closed","template":"template-blank-4.php","meta":{"_acf_changed":false,"footnotes":""},"class_list":["post-1348","page","type-page","status-publish","hentry","no-post-thumbnail"],"featured_image_src":null,"acf":[],"_links":{"self":[{"href":"https:\/\/paredinsights.org\/pt-pt\/wp-json\/wp\/v2\/pages\/1348","targetHints":{"allow":["GET"]}}],"collection":[{"href":"https:\/\/paredinsights.org\/pt-pt\/wp-json\/wp\/v2\/pages"}],"about":[{"href":"https:\/\/paredinsights.org\/pt-pt\/wp-json\/wp\/v2\/types\/page"}],"author":[{"embeddable":true,"href":"https:\/\/paredinsights.org\/pt-pt\/wp-json\/wp\/v2\/users\/1"}],"replies":[{"embeddable":true,"href":"https:\/\/paredinsights.org\/pt-pt\/wp-json\/wp\/v2\/comments?post=1348"}],"version-history":[{"count":5,"href":"https:\/\/paredinsights.org\/pt-pt\/wp-json\/wp\/v2\/pages\/1348\/revisions"}],"predecessor-version":[{"id":1824,"href":"https:\/\/paredinsights.org\/pt-pt\/wp-json\/wp\/v2\/pages\/1348\/revisions\/1824"}],"wp:attachment":[{"href":"https:\/\/paredinsights.org\/pt-pt\/wp-json\/wp\/v2\/media?parent=1348"}],"curies":[{"name":"wp","href":"https:\/\/api.w.org\/{rel}","templated":true}]}}