{"id":1390,"date":"2025-05-19T14:17:26","date_gmt":"2025-05-19T14:17:26","guid":{"rendered":"https:\/\/paredinsights.org\/sobre-nos\/"},"modified":"2025-05-19T17:16:54","modified_gmt":"2025-05-19T17:16:54","slug":"sobre-nos","status":"publish","type":"page","link":"https:\/\/paredinsights.org\/pt-pt\/sobre-nos\/","title":{"rendered":"Sobre n\u00f3s"},"content":{"rendered":"<div id=\"cs-content\" class=\"cs-content\"><\/div>\n","protected":false},"excerpt":{"rendered":"<p>Sobre o PARED Insights Obtenha melhores resultados de estudo atrav\u00e9s de um desenho de estudo centrado no paciente com o PARED Insights. Para coordenadores de investiga\u00e7\u00e3o e patrocinadores de estudos que investigam a sa\u00fade urin\u00e1ria e p\u00e9lvica da mulher. Ver servi\u00e7osA nossa miss\u00e3o \u00e9 promover a sa\u00fade da mulher atrav\u00e9s da implementa\u00e7\u00e3o de uma abordagem centrada no paciente para a &#8230; <\/p>\n<div><a href=\"https:\/\/paredinsights.org\/pt-pt\/sobre-nos\/\" class=\"more-link\">Leia mais<\/a><\/div>\n","protected":false},"author":1,"featured_media":0,"parent":0,"menu_order":0,"comment_status":"closed","ping_status":"closed","template":"template-blank-4.php","meta":{"_acf_changed":false,"footnotes":""},"class_list":["post-1390","page","type-page","status-publish","hentry","no-post-thumbnail"],"featured_image_src":null,"acf":[],"_links":{"self":[{"href":"https:\/\/paredinsights.org\/pt-pt\/wp-json\/wp\/v2\/pages\/1390","targetHints":{"allow":["GET"]}}],"collection":[{"href":"https:\/\/paredinsights.org\/pt-pt\/wp-json\/wp\/v2\/pages"}],"about":[{"href":"https:\/\/paredinsights.org\/pt-pt\/wp-json\/wp\/v2\/types\/page"}],"author":[{"embeddable":true,"href":"https:\/\/paredinsights.org\/pt-pt\/wp-json\/wp\/v2\/users\/1"}],"replies":[{"embeddable":true,"href":"https:\/\/paredinsights.org\/pt-pt\/wp-json\/wp\/v2\/comments?post=1390"}],"version-history":[{"count":1,"href":"https:\/\/paredinsights.org\/pt-pt\/wp-json\/wp\/v2\/pages\/1390\/revisions"}],"predecessor-version":[{"id":1394,"href":"https:\/\/paredinsights.org\/pt-pt\/wp-json\/wp\/v2\/pages\/1390\/revisions\/1394"}],"wp:attachment":[{"href":"https:\/\/paredinsights.org\/pt-pt\/wp-json\/wp\/v2\/media?parent=1390"}],"curies":[{"name":"wp","href":"https:\/\/api.w.org\/{rel}","templated":true}]}}