{"id":1404,"date":"2025-05-19T14:17:59","date_gmt":"2025-05-19T14:17:59","guid":{"rendered":"https:\/\/paredinsights.org\/politica-de-privacidade\/"},"modified":"2025-05-19T14:18:05","modified_gmt":"2025-05-19T14:18:05","slug":"politica-de-privacidade","status":"publish","type":"page","link":"https:\/\/paredinsights.org\/pt-pt\/politica-de-privacidade\/","title":{"rendered":"Pol\u00edtica de privacidade"},"content":{"rendered":"\n<h2 class=\"wp-block-heading\">Pol\u00edtica de privacidade e de cookies<\/h2>\n\n<p>Defini\u00e7\u00f5es<\/p>\n\n<p>&#8220;Pared Insights&#8221; significa &#8211; https:\/\/paredinsights.org<\/p>\n\n<p>&#8220;S\u00edtio Web&#8221;, &#8220;Servi\u00e7o&#8221; &#8211; significa https:\/\/paredinsights.org<\/p>\n\n<p>&#8220;Utilizador&#8221;, &#8220;voc\u00ea&#8221;, &#8220;seu&#8221;, &#8220;sua&#8221; &#8211; significa o(s) indiv\u00edduo(s), firma, empresa ou organiza\u00e7\u00e3o que acede ao s\u00edtio Web.<\/p>\n\n<p>&#8220;N\u00f3s&#8221;, &#8220;nos&#8221;, &#8220;nosso&#8221;, &#8220;nossa equipa&#8221; &#8211; significa Patient-centred Research and Data Insights Ltd (PARED Insights)  <\/p>\n\n<p>Leia atentamente esta Pol\u00edtica de Privacidade. Ao visitar e utilizar o Servi\u00e7o, concorda que a sua utiliza\u00e7\u00e3o do nosso Servi\u00e7o, e qualquer disputa sobre privacidade, \u00e9 regida por esta Pol\u00edtica de Privacidade.   <\/p>\n\n<p>Podemos recolher e armazenar o seu endere\u00e7o de correio eletr\u00f3nico e quaisquer outras informa\u00e7\u00f5es que forne\u00e7a atrav\u00e9s de formul\u00e1rios no nosso s\u00edtio Web que lhe permitam subscrever ou solicitar informa\u00e7\u00f5es. Estas informa\u00e7\u00f5es podem incluir, mas n\u00e3o est\u00e3o limitadas a, detalhes como o seu nome e endere\u00e7o de correio eletr\u00f3nico. Se, por qualquer motivo, nos contactar, poderemos manter registos dessa correspond\u00eancia.    <\/p>\n\n<p>Se se inscreveu em qualquer servi\u00e7o de correio eletr\u00f3nico gratuito que fornecemos, utilizaremos todas as informa\u00e7\u00f5es que fornecer para lhe enviar essas mensagens. Se desejar cancelar a subscri\u00e7\u00e3o em qualquer altura, as instru\u00e7\u00f5es sobre como faz\u00ea-lo est\u00e3o inclu\u00eddas em cada e-mail. Utilizamos o Mailchimp para o nosso servi\u00e7o de correio eletr\u00f3nico e pode consultar a <a href=\"https:\/\/mailchimp.com\/legal\/privacy\/\" target=\"_blank\" rel=\"noreferrer noopener\">pol\u00edtica de privacidade do Mailchimp<\/a>.  <\/p>\n\n<p>Se nos enviar uma mensagem atrav\u00e9s do nosso formul\u00e1rio de contacto, a sua mensagem, o nome e o endere\u00e7o de correio eletr\u00f3nico que fornecer, bem como quaisquer respostas futuras, ser\u00e3o armazenados no Help Scout, a ferramenta que utilizamos para responder a todas as mensagens. Pode ler mais sobre <a href=\"https:\/\/www.helpscout.net\/company\/legal\/privacy\/\" target=\"_blank\" rel=\"noreferrer noopener\">a pol\u00edtica de privacidade do Help Scout<\/a>. <\/p>\n\n<p>Se nos enviar informa\u00e7\u00f5es atrav\u00e9s de um formul\u00e1rio pop-up no nosso s\u00edtio Web, quaisquer informa\u00e7\u00f5es recolhidas ser\u00e3o armazenadas e transferidas para n\u00f3s pela Getsitecontrol. Pode consultar a <a href=\"https:\/\/getsitecontrol.com\/privacy\/\" target=\"_blank\" rel=\"noreferrer noopener\">pol\u00edtica de privacidade da Getsitecontrol<\/a>. <\/p>\n\n<p>A nossa equipa, os nossos parceiros ou patrocinadores podem tamb\u00e9m solicitar-lhe que preencha inqu\u00e9ritos ou informa\u00e7\u00f5es para fins de investiga\u00e7\u00e3o ou opini\u00f5es. Tem o direito de n\u00e3o responder a estes pedidos. <\/p>\n\n<p>Os seus dados pessoais identific\u00e1veis n\u00e3o ser\u00e3o publicados, vendidos, comercializados ou transmitidos a terceiros. Quaisquer informa\u00e7\u00f5es de identifica\u00e7\u00e3o pessoal que forne\u00e7a atrav\u00e9s do nosso s\u00edtio Web, incluindo atrav\u00e9s da submiss\u00e3o de um question\u00e1rio, ser\u00e3o armazenadas numa base de dados segura.   <\/p>\n\n<p>Os dados an\u00f3nimos do question\u00e1rio, ou seja, as respostas que foram separadas da informa\u00e7\u00e3o pessoal identific\u00e1vel, podem ser utilizados para aprofundar a nossa investiga\u00e7\u00e3o sobre a perspetiva dos doentes relativamente \u00e0s IU recorrentes e \u00e0s doen\u00e7as cr\u00f3nicas do trato urin\u00e1rio. No futuro, os dados an\u00f3nimos recolhidos poder\u00e3o ser publicados como parte da nossa investiga\u00e7\u00e3o mais aprofundada, e poderemos utilizar dados an\u00f3nimos agregados para ajudar organiza\u00e7\u00f5es que consideremos estarem a trabalhar no melhor interesse dos doentes com IU recorrentes e cr\u00f3nicas. <\/p>\n\n<p>Podemos reter informa\u00e7\u00f5es sobre os detalhes das suas visitas ao nosso s\u00edtio Web, com o objetivo de melhorar a experi\u00eancia do utilizador no nosso s\u00edtio Web.<\/p>\n\n<p>Ao utilizar o nosso s\u00edtio Web, concorda com a recolha e utiliza\u00e7\u00e3o destas informa\u00e7\u00f5es pela PARED Insights. Se a nossa pol\u00edtica de privacidade for alterada, publicaremos essas altera\u00e7\u00f5es no nosso s\u00edtio Web. <\/p>\n\n<p><strong>COOKIES<\/strong><\/p>\n\n<p><strong>\u00daltima atualiza\u00e7\u00e3o: <\/strong><strong>1 novembro, 2023<\/strong><\/p>\n\n<p>A PARED Insights (&#8220;n\u00f3s&#8221;, &#8220;nos&#8221; ou &#8220;nosso&#8221;) utiliza cookies no nosso s\u00edtio Web (o &#8220;Servi\u00e7o&#8221;) para recolher informa\u00e7\u00f5es n\u00e3o pessoais, incluindo informa\u00e7\u00f5es padr\u00e3o de registo da Internet e padr\u00f5es de comportamento. Fazemo-lo para lhe proporcionar uma melhor experi\u00eancia, analisar tend\u00eancias e melhorar o nosso website. Ao utilizar o Servi\u00e7o, est\u00e1 a consentir a utiliza\u00e7\u00e3o de cookies.  <\/p>\n\n<p>Os cookies s\u00e3o pequenos ficheiros de dados transferidos para o seu computador, tablet ou telem\u00f3vel atrav\u00e9s do seu navegador Web quando visita um s\u00edtio Web. Um ficheiro cookie \u00e9 armazenado no seu navegador e permite que o Servi\u00e7o ou um terceiro o reconhe\u00e7a e torne a sua pr\u00f3xima visita mais f\u00e1cil e o Servi\u00e7o mais \u00fatil para si. <\/p>\n\n<p><strong>Como utilizamos os cookies<\/strong><\/p>\n\n<p>Quando utiliza e acede ao Servi\u00e7o, podemos colocar uma s\u00e9rie de ficheiros de cookies no seu browser.<\/p>\n\n<p>Utilizamos cookies de terceiros para os seguintes fins: para ativar determinadas fun\u00e7\u00f5es do Servi\u00e7o e para fornecer an\u00e1lises. Estes cookies de terceiros comunicam a utiliza\u00e7\u00e3o e as estat\u00edsticas de utiliza\u00e7\u00e3o do Servi\u00e7o das seguintes formas: <\/p>\n\n<p><em>Google Analytics<\/em><\/p>\n\n<p>Utilizamos o Google Analytics para nos ajudar a recolher e analisar os dados dos visitantes, incluindo informa\u00e7\u00f5es sobre o volume de visitantes, a forma como estes nos encontraram, o tempo que os visitantes permanecem no nosso s\u00edtio e quais os conte\u00fados mais populares. Estas informa\u00e7\u00f5es ajudam-nos a melhorar o nosso Web site e a sua visita, e tornam mais relevantes as formas como partilhamos informa\u00e7\u00f5es. Para mais informa\u00e7\u00f5es sobre a forma como a Google utiliza as informa\u00e7\u00f5es recolhidas, consulte a <a href=\"https:\/\/www.google.com\/policies\/privacy\/partners\/\" target=\"_blank\" rel=\"noreferrer noopener\">pol\u00edtica de privacidade<\/a> da Google.  <\/p>\n\n<p><em>Matomo<\/em><\/p>\n\n<p>Utilizamos o Matomo para nos ajudar a recolher dados anal\u00edticos e avaliar e analisar o feedback e os padr\u00f5es de comportamento nas p\u00e1ginas do nosso s\u00edtio Web. Permite-nos medir e observar o comportamento dos utilizadores e melhorar a funcionalidade do nosso s\u00edtio Web em conformidade. Estas informa\u00e7\u00f5es s\u00e3o recolhidas de forma passiva, atrav\u00e9s da observa\u00e7\u00e3o da forma como os visitantes do nosso s\u00edtio Web navegam e interagem com o nosso conte\u00fado. Para mais informa\u00e7\u00f5es, consulte a <a href=\"https:\/\/matomo.org\/privacy-policy\/\" target=\"_blank\" rel=\"noreferrer noopener\">pol\u00edtica de privacidade da Matomo<\/a>.   <\/p>\n\n<p><strong>Quais s\u00e3o as suas op\u00e7\u00f5es relativamente aos cookies<\/strong><\/p>\n\n<p>Se pretender apagar os cookies ou dar instru\u00e7\u00f5es ao seu navegador Web para apagar ou recusar cookies, visite as p\u00e1ginas de ajuda do seu navegador Web.<\/p>\n\n<p>Note, no entanto, que se apagar os cookies ou se recusar a aceit\u00e1-los, algumas funcionalidades do nosso s\u00edtio Web poder\u00e3o n\u00e3o estar dispon\u00edveis.<\/p>\n\n<p>Pode saber mais sobre cookies visitando:<\/p>\n\n<p>AllAboutCookies:<a href=\"http:\/\/www.allaboutcookies.org\/\" target=\"_blank\" rel=\"noreferrer noopener\"> http:\/\/www.allaboutcookies.org\/<\/a><\/p>\n\n<p><strong>Liga\u00e7\u00f5es a outros s\u00edtios<\/strong><\/p>\n\n<p>O nosso s\u00edtio Web pode incluir hiperliga\u00e7\u00f5es para outros s\u00edtios Web que n\u00e3o s\u00e3o operados ou controlados por n\u00f3s. Esta pol\u00edtica aplica-se apenas ao nosso s\u00edtio Web e n\u00e3o somos respons\u00e1veis pelo conte\u00fado ou pelas pr\u00e1ticas de privacidade de s\u00edtios Web de terceiros. <\/p>\n\n<p><strong>O seu consentimento<\/strong><\/p>\n\n<p>Ao utilizar o nosso s\u00edtio Web, concorda com a recolha e utiliza\u00e7\u00e3o destas informa\u00e7\u00f5es pela PARED Insights. Se decidirmos alterar a nossa pol\u00edtica de privacidade, publicaremos essas altera\u00e7\u00f5es no nosso s\u00edtio. <\/p>\n\n<p>Se tiver alguma d\u00favida ou preocupa\u00e7\u00e3o relativamente \u00e0 nossa pol\u00edtica de privacidade, contacte-nos.<\/p>\n\n<p>Termos e condi\u00e7\u00f5es do s\u00edtio Web<\/p>\n\n<p>Defini\u00e7\u00f5es<\/p>\n\n<p>&#8220;PARED Insights&#8221; significa https:\/\/paredinsights.org<\/p>\n\n<p>&#8220;S\u00edtio Web&#8221; significa &#8211; https:\/\/paredinsights.org<\/p>\n\n<p>&#8220;Utilizador&#8221;, &#8220;voc\u00ea&#8221;, &#8220;seu&#8221;, &#8220;sua&#8221; &#8211; significa o(s) indiv\u00edduo(s), firma, empresa ou organiza\u00e7\u00e3o que acede ao s\u00edtio Web.<\/p>\n\n<p>&#8220;N\u00f3s&#8221;, &#8220;nos&#8221;, &#8220;nosso&#8221;, &#8220;nossa equipa&#8221; &#8211; significa Patient-centred Research and Data Insights Ltd (PARED Insights)  <\/p>\n\n<p>O seu acordo \u00e9 com a Patient-centred Research and Data Insights Ltd (PARED Insights). A Patient-centred Research and Data Insights Ltd est\u00e1 registada no Reino Unido com o n\u00famero de empresa 15174619. O seu endere\u00e7o registado \u00e9 Halifax House, 30 George St, HU1 3AJ, Reino Unido.  <\/p>\n\n<p>Ao utilizar o nosso s\u00edtio Web, concorda em ficar vinculado aos presentes Termos e Condi\u00e7\u00f5es e em utilizar o nosso s\u00edtio Web de acordo com os presentes Termos e Condi\u00e7\u00f5es e com a nossa Pol\u00edtica de Privacidade. Concorda em utilizar o nosso s\u00edtio Web apenas para fins legais. O acesso ao s\u00edtio Web, de qualquer forma, automatizado ou n\u00e3o, constitui uma utiliza\u00e7\u00e3o do s\u00edtio Web e o seu acordo em ficar vinculado aos presentes Termos e Condi\u00e7\u00f5es.  <\/p>\n\n<p>Reservamo-nos o direito de alterar os nossos Termos e Condi\u00e7\u00f5es em qualquer altura, publicando as altera\u00e7\u00f5es online aqui.<\/p>\n\n<p>O acesso ao nosso s\u00edtio \u00e9 permitido numa base tempor\u00e1ria pelo utilizador. Reservamo-nos o direito de retirar ou alterar o servi\u00e7o que prestamos sem aviso pr\u00e9vio e n\u00e3o seremos responsabilizados se, por qualquer raz\u00e3o, o nosso s\u00edtio n\u00e3o estiver dispon\u00edvel em qualquer altura ou por qualquer per\u00edodo. Ocasionalmente, quando est\u00e3o a ser feitas actualiza\u00e7\u00f5es, poder\u00e1 ser necess\u00e1rio restringir o acesso a algumas partes do nosso s\u00edtio.  <\/p>\n\n<p>N\u00e3o garantimos que o conte\u00fado deste s\u00edtio esteja isento de erros e que o seu servidor esteja isento de v\u00edrus ou bugs. Tentamos assegurar que este s\u00edtio Web esteja atualizado, mas n\u00e3o podemos garantir a exatid\u00e3o e a atualidade das informa\u00e7\u00f5es nele fornecidas.   <\/p>\n\n<p>Todo o material deste s\u00edtio Web \u00e9 fornecido apenas para sua informa\u00e7\u00e3o e n\u00e3o pode ser interpretado como aconselhamento ou instru\u00e7\u00e3o m\u00e9dica. N\u00e3o deve tomar qualquer a\u00e7\u00e3o ou ina\u00e7\u00e3o com base apenas no conte\u00fado desta informa\u00e7\u00e3o; em vez disso, os visitantes do s\u00edtio Web devem consultar os profissionais de sa\u00fade adequados sobre qualquer assunto relacionado com a sua sa\u00fade e bem-estar. <\/p>\n\n<p>Poderemos fornecer liga\u00e7\u00f5es a outros s\u00edtios Web pertencentes a terceiros. Tenha em aten\u00e7\u00e3o que todas as liga\u00e7\u00f5es s\u00e3o fornecidas apenas para sua conveni\u00eancia e, salvo indica\u00e7\u00e3o expressa em contr\u00e1rio, n\u00e3o apoiamos nem recomendamos quaisquer s\u00edtios de terceiros. N\u00e3o assumimos qualquer responsabilidade pelo conte\u00fado de quaisquer s\u00edtios Web externos para os quais possamos estabelecer liga\u00e7\u00f5es, nem apoiamos quaisquer opini\u00f5es ou actividades contidas nesses s\u00edtios, uma vez que s\u00e3o fornecidos apenas para fins informativos. N\u00e3o aceitamos qualquer responsabilidade ou qualquer perda ou dano que possa resultar da sua utiliza\u00e7\u00e3o dos mesmos.   <\/p>\n\n<p>N\u00e3o podemos ser responsabilizados por qualquer conte\u00fado de terceiros ou pela exatid\u00e3o de quaisquer materiais publicados por si ou por qualquer outro utilizador do nosso s\u00edtio. N\u00e3o aceitamos qualquer responsabilidade pela confian\u00e7a depositada em quaisquer conselhos ou mensagens publicadas no nosso s\u00edtio por n\u00f3s, por quaisquer visitantes, por terceiros ou por si. <\/p>\n\n<p><strong>Direitos de propriedade intelectual e direitos de autor<\/strong><\/p>\n\n<p>Os direitos de autor de todas as informa\u00e7\u00f5es, textos e imagens apresentados no nosso s\u00edtio Web s\u00e3o propriedade da PARED Insights ou est\u00e3o licenciados \u00e0 PARED Insights. Estes trabalhos est\u00e3o protegidos por leis de direitos de autor. <\/p>\n\n<p>\u00c9 estritamente proibida qualquer utiliza\u00e7\u00e3o comercial ou publica\u00e7\u00e3o de todo ou qualquer item apresentado neste s\u00edtio sem autoriza\u00e7\u00e3o pr\u00e9via. Mais especificamente, a menos que explicitamente autorizado nos presentes Termos e Condi\u00e7\u00f5es ou por consentimento escrito, n\u00e3o pode modificar, copiar, reproduzir, republicar, carregar, publicar, transmitir, traduzir, vender, criar trabalhos derivados, explorar ou distribuir de qualquer forma ou meio (incluindo por correio eletr\u00f3nico ou outros meios electr\u00f3nicos) qualquer material do s\u00edtio Web. <\/p>\n\n<p>A sua licen\u00e7a para n\u00f3s  <\/p>\n\n<p>Ao publicar ou enviar qualquer material (incluindo, sem limita\u00e7\u00e3o, coment\u00e1rios, entradas de blogue, publica\u00e7\u00f5es no Twitter, fotografias e v\u00eddeos) para n\u00f3s atrav\u00e9s do s\u00edtio Web, grupos da Internet, locais de redes sociais ou para qualquer um dos nossos funcion\u00e1rios por correio eletr\u00f3nico, texto ou outro meio, est\u00e1 a representar: (i) que \u00e9 o propriet\u00e1rio do material ou que est\u00e1 a fazer a sua publica\u00e7\u00e3o ou envio com o consentimento expresso do propriet\u00e1rio do material; e (ii) que tem treze anos de idade ou mais.    <\/p>\n\n<p>Declara\u00e7\u00e3o de exonera\u00e7\u00e3o de responsabilidade<\/p>\n\n<p>Todo o material deste s\u00edtio Web \u00e9 fornecido apenas para sua informa\u00e7\u00e3o e n\u00e3o pode ser interpretado como aconselhamento ou instru\u00e7\u00e3o m\u00e9dica.<\/p>\n\n<p>O PARED Insights n\u00e3o se dedica \u00e0 pr\u00e1tica da medicina. N\u00e3o \u00e9 uma autoridade m\u00e9dica nem pretende ter conhecimentos m\u00e9dicos. Todo o material deste s\u00edtio Web \u00e9 fornecido apenas para sua informa\u00e7\u00e3o. N\u00e3o se destina a funcionar como aconselhamento m\u00e9dico, nem a fornecer um diagn\u00f3stico, nem a substituir o aconselhamento de um profissional de sa\u00fade qualificado. Em todos os casos, a PARED Insights recomenda que consulte um profissional de sa\u00fade qualificado.      <\/p>\n\n<p>As informa\u00e7\u00f5es contidas neste s\u00edtio foram pesquisadas utilizando recursos de dom\u00ednio p\u00fablico e partilhadas de boa f\u00e9, na convic\u00e7\u00e3o de que s\u00e3o fi\u00e1veis e exactas. A PARED Insights recomenda sempre que efectue a sua pr\u00f3pria pesquisa independente e que discuta as suas descobertas com o seu m\u00e9dico. Os leitores que n\u00e3o consultarem os profissionais de sa\u00fade adequados assumem o risco de quaisquer les\u00f5es. Al\u00e9m disso, as informa\u00e7\u00f5es e opini\u00f5es expressas nas contribui\u00e7\u00f5es de hist\u00f3rias pessoais para este s\u00edtio Web n\u00e3o reflectem necessariamente os pontos de vista do PARED Insights.   <\/p>\n\n<p>Os produtos apresentados neste s\u00edtio Web n\u00e3o s\u00e3o necessariamente recomendados ou apoiados pela PARED Insights.<\/p>\n\n<p>Em todo o nosso s\u00edtio Web, podemos fornecer liga\u00e7\u00f5es a outros s\u00edtios Web mantidos por terceiros. Ao estabelecer liga\u00e7\u00f5es a esses s\u00edtios de terceiros, n\u00e3o implicamos qualquer apoio ou patroc\u00ednio desses s\u00edtios ou do material neles contido. <\/p>\n\n<p>O objetivo deste s\u00edtio Web \u00e9 sensibilizar o p\u00fablico e fornecer informa\u00e7\u00f5es sobre as limita\u00e7\u00f5es das op\u00e7\u00f5es de teste dispon\u00edveis para as infec\u00e7\u00f5es do trato urin\u00e1rio, bem como resumir as provas dispon\u00edveis relativamente \u00e0s op\u00e7\u00f5es de tratamento das infec\u00e7\u00f5es do trato urin\u00e1rio.<\/p>\n\n<p>Se considerar que alguma informa\u00e7\u00e3o neste s\u00edtio Web est\u00e1 incorrecta, contacte imediatamente a PARED Insights atrav\u00e9s da nossa p\u00e1gina de contacto.<\/p>\n\n<p>Direitos de autor  <\/p>\n\n<p>A Lei de Direitos Autorais do Mil\u00e9nio Digital de 1998 (a &#8220;DMCA&#8221;) fornece recursos para os propriet\u00e1rios de direitos autorais que acreditam que o material que aparece na Internet viola os seus direitos ao abrigo da lei de direitos autorais dos EUA. Se acredita de boa f\u00e9 que os materiais alojados pela PARED Insights infringem os seus direitos de autor, voc\u00ea ou o seu agente pode enviar \u00e0 PARED Insights uma notifica\u00e7\u00e3o solicitando que o material seja removido ou que o acesso ao mesmo seja bloqueado. Qualquer notifica\u00e7\u00e3o por parte de um propriet\u00e1rio de direitos de autor ou de uma pessoa autorizada a agir em seu nome que n\u00e3o cumpra os requisitos da DMCA n\u00e3o ser\u00e1 considerada uma notifica\u00e7\u00e3o suficiente e n\u00e3o ser\u00e1 considerada como conferindo \u00e0 PARED Insights o conhecimento efetivo de factos ou circunst\u00e2ncias a partir dos quais o material ou actos infractores s\u00e3o evidentes.    <\/p>\n\n<p>Se acredita de boa f\u00e9 que um aviso de viola\u00e7\u00e3o de direitos de autor foi incorretamente apresentado contra si, a DMCA permite-lhe enviar ao PARED Insights um contra-aviso. Todos os avisos e contra-avisos devem cumprir os requisitos legais actuais impostos pela DMCA; consulte http:\/\/www.loc.gov\/copyright para mais detalhes. O Agente de Direitos Autorais da PARED Insights para notifica\u00e7\u00e3o de reclama\u00e7\u00f5es de viola\u00e7\u00e3o de direitos autorais ou contra-avisos pode ser contactado atrav\u00e9s do nosso formul\u00e1rio de contacto.  <\/p>\n\n<h2 class=\"wp-block-heading\">A nossa pol\u00edtica de inclus\u00e3o<\/h2>\n\n<p>No PARED Insights, esfor\u00e7amo-nos por utilizar uma linguagem inclusiva em termos de g\u00e9nero e procuramos acertar sempre que poss\u00edvel. O nosso site e a informa\u00e7\u00e3o nele contida foram concebidos para serem universalmente claros e amig\u00e1veis, tendo em mente todos os utilizadores. Reconhecemos que, devido \u00e0 nossa cren\u00e7a em informa\u00e7\u00e3o baseada em provas, grande parte do nosso conte\u00fado se baseia em estudos e documentos de investiga\u00e7\u00e3o que se referem especificamente a &#8220;mulheres&#8221;. Quando fazemos refer\u00eancia direta a informa\u00e7\u00f5es externas, utilizamos a linguagem fornecida, para preservar a exatid\u00e3o das informa\u00e7\u00f5es. Isto inclui cita\u00e7\u00f5es diretas de profissionais e pessoas que sofreram de IU recorrentes.    <\/p>\n\n<p><br\/>Em todos os outros casos, esperamos ser t\u00e3o inclusivos quanto estiver ao nosso alcance. Se acha que podemos fazer melhor, informe-nos, temos todo o gosto em considerar conselhos sobre este assunto! <\/p>\n","protected":false},"excerpt":{"rendered":"<p>Pol\u00edtica de privacidade e de cookies Defini\u00e7\u00f5es &#8220;Pared Insights&#8221; significa &#8211; https:\/\/paredinsights.org &#8220;S\u00edtio Web&#8221;, &#8220;Servi\u00e7o&#8221; &#8211; significa https:\/\/paredinsights.org &#8220;Utilizador&#8221;, &#8220;voc\u00ea&#8221;, &#8220;seu&#8221;, &#8220;sua&#8221; &#8211; significa o(s) indiv\u00edduo(s), firma, empresa ou organiza\u00e7\u00e3o que acede ao s\u00edtio Web. &#8220;N\u00f3s&#8221;, &#8220;nos&#8221;, &#8220;nosso&#8221;, &#8220;nossa equipa&#8221; &#8211; significa Patient-centred Research and Data Insights Ltd (PARED Insights) Leia atentamente esta Pol\u00edtica de Privacidade. Ao visitar e utilizar &#8230; <\/p>\n<div><a href=\"https:\/\/paredinsights.org\/pt-pt\/politica-de-privacidade\/\" class=\"more-link\">Leia mais<\/a><\/div>\n","protected":false},"author":1,"featured_media":0,"parent":0,"menu_order":0,"comment_status":"closed","ping_status":"closed","template":"","meta":{"_acf_changed":false,"footnotes":""},"class_list":["post-1404","page","type-page","status-publish","hentry","no-post-thumbnail"],"featured_image_src":null,"acf":[],"_links":{"self":[{"href":"https:\/\/paredinsights.org\/pt-pt\/wp-json\/wp\/v2\/pages\/1404","targetHints":{"allow":["GET"]}}],"collection":[{"href":"https:\/\/paredinsights.org\/pt-pt\/wp-json\/wp\/v2\/pages"}],"about":[{"href":"https:\/\/paredinsights.org\/pt-pt\/wp-json\/wp\/v2\/types\/page"}],"author":[{"embeddable":true,"href":"https:\/\/paredinsights.org\/pt-pt\/wp-json\/wp\/v2\/users\/1"}],"replies":[{"embeddable":true,"href":"https:\/\/paredinsights.org\/pt-pt\/wp-json\/wp\/v2\/comments?post=1404"}],"version-history":[{"count":1,"href":"https:\/\/paredinsights.org\/pt-pt\/wp-json\/wp\/v2\/pages\/1404\/revisions"}],"predecessor-version":[{"id":1410,"href":"https:\/\/paredinsights.org\/pt-pt\/wp-json\/wp\/v2\/pages\/1404\/revisions\/1410"}],"wp:attachment":[{"href":"https:\/\/paredinsights.org\/pt-pt\/wp-json\/wp\/v2\/media?parent=1404"}],"curies":[{"name":"wp","href":"https:\/\/api.w.org\/{rel}","templated":true}]}}