{"id":1422,"date":"2025-05-19T14:21:09","date_gmt":"2025-05-19T14:21:09","guid":{"rendered":"https:\/\/paredinsights.org\/ferramentas-de-avaliacao\/"},"modified":"2026-03-03T13:08:15","modified_gmt":"2026-03-03T13:08:15","slug":"ferramentas-de-avaliacao","status":"publish","type":"page","link":"https:\/\/paredinsights.org\/pt-pt\/ferramentas-de-avaliacao\/","title":{"rendered":"Ferramentas de avalia\u00e7\u00e3o"},"content":{"rendered":"<div id=\"cs-content\" class=\"cs-content\"><\/div>\n","protected":false},"excerpt":{"rendered":"<p>Ferramentas de avalia\u00e7\u00e3o As nossas medidas validadas de resultados comunicados pelos doentes, ou PROMs, t\u00eam sido utilizadas em investiga\u00e7\u00e3o em todo o mundo. Com estas ferramentas, a investiga\u00e7\u00e3o e a pr\u00e1tica cl\u00ednica d\u00e3o prioridade \u00e0 perspetiva do doente e garantem que a sua voz \u00e9 ouvida. Atualmente, a nossa biblioteca \u00e9 constitu\u00edda por duas ferramentas clinicamente validadas numa s\u00e9rie de &#8230; <\/p>\n<div><a href=\"https:\/\/paredinsights.org\/pt-pt\/ferramentas-de-avaliacao\/\" class=\"more-link\">Leia mais<\/a><\/div>\n","protected":false},"author":1,"featured_media":0,"parent":0,"menu_order":0,"comment_status":"closed","ping_status":"closed","template":"template-blank-4.php","meta":{"_acf_changed":false,"footnotes":""},"class_list":["post-1422","page","type-page","status-publish","hentry","no-post-thumbnail"],"featured_image_src":null,"acf":[],"_links":{"self":[{"href":"https:\/\/paredinsights.org\/pt-pt\/wp-json\/wp\/v2\/pages\/1422","targetHints":{"allow":["GET"]}}],"collection":[{"href":"https:\/\/paredinsights.org\/pt-pt\/wp-json\/wp\/v2\/pages"}],"about":[{"href":"https:\/\/paredinsights.org\/pt-pt\/wp-json\/wp\/v2\/types\/page"}],"author":[{"embeddable":true,"href":"https:\/\/paredinsights.org\/pt-pt\/wp-json\/wp\/v2\/users\/1"}],"replies":[{"embeddable":true,"href":"https:\/\/paredinsights.org\/pt-pt\/wp-json\/wp\/v2\/comments?post=1422"}],"version-history":[{"count":3,"href":"https:\/\/paredinsights.org\/pt-pt\/wp-json\/wp\/v2\/pages\/1422\/revisions"}],"predecessor-version":[{"id":1767,"href":"https:\/\/paredinsights.org\/pt-pt\/wp-json\/wp\/v2\/pages\/1422\/revisions\/1767"}],"wp:attachment":[{"href":"https:\/\/paredinsights.org\/pt-pt\/wp-json\/wp\/v2\/media?parent=1422"}],"curies":[{"name":"wp","href":"https:\/\/api.w.org\/{rel}","templated":true}]}}