{"id":1445,"date":"2025-05-19T14:21:28","date_gmt":"2025-05-19T14:21:28","guid":{"rendered":"https:\/\/paredinsights.org\/publicacoes-periodicas\/"},"modified":"2025-05-19T17:16:59","modified_gmt":"2025-05-19T17:16:59","slug":"publicacoes-periodicas","status":"publish","type":"page","link":"https:\/\/paredinsights.org\/pt-pt\/publicacoes-periodicas\/","title":{"rendered":"Publica\u00e7\u00f5es peri\u00f3dicas"},"content":{"rendered":"<div id=\"cs-content\" class=\"cs-content\"><\/div>\n","protected":false},"excerpt":{"rendered":"<p>Publica\u00e7\u00f5es peri\u00f3dicas Bem-vindo \u00e0 biblioteca de publica\u00e7\u00f5es do PARED Insights. Pode consultar a lista mais actualizada de publica\u00e7\u00f5es em qualquer altura, visitando o Laborat\u00f3rio de Investiga\u00e7\u00e3o PARED Insights no ResearchGate. 2024 Avalia\u00e7\u00e3o do impacto da infe\u00e7\u00e3o recorrente do trato urin\u00e1rio na qualidade de vida: Valida\u00e7\u00e3o e aperfei\u00e7oamento do Recurrent UTI Impact Questionnaire (RUTIIQ) Este estudo confirmou a validade e as &#8230; <\/p>\n<div><a href=\"https:\/\/paredinsights.org\/pt-pt\/publicacoes-periodicas\/\" class=\"more-link\">Leia mais<\/a><\/div>\n","protected":false},"author":1,"featured_media":0,"parent":0,"menu_order":0,"comment_status":"closed","ping_status":"closed","template":"template-blank-4.php","meta":{"_acf_changed":false,"footnotes":""},"class_list":["post-1445","page","type-page","status-publish","hentry","no-post-thumbnail"],"featured_image_src":null,"acf":[],"_links":{"self":[{"href":"https:\/\/paredinsights.org\/pt-pt\/wp-json\/wp\/v2\/pages\/1445","targetHints":{"allow":["GET"]}}],"collection":[{"href":"https:\/\/paredinsights.org\/pt-pt\/wp-json\/wp\/v2\/pages"}],"about":[{"href":"https:\/\/paredinsights.org\/pt-pt\/wp-json\/wp\/v2\/types\/page"}],"author":[{"embeddable":true,"href":"https:\/\/paredinsights.org\/pt-pt\/wp-json\/wp\/v2\/users\/1"}],"replies":[{"embeddable":true,"href":"https:\/\/paredinsights.org\/pt-pt\/wp-json\/wp\/v2\/comments?post=1445"}],"version-history":[{"count":1,"href":"https:\/\/paredinsights.org\/pt-pt\/wp-json\/wp\/v2\/pages\/1445\/revisions"}],"predecessor-version":[{"id":1447,"href":"https:\/\/paredinsights.org\/pt-pt\/wp-json\/wp\/v2\/pages\/1445\/revisions\/1447"}],"wp:attachment":[{"href":"https:\/\/paredinsights.org\/pt-pt\/wp-json\/wp\/v2\/media?parent=1445"}],"curies":[{"name":"wp","href":"https:\/\/api.w.org\/{rel}","templated":true}]}}