{"id":1450,"date":"2025-05-19T14:21:31","date_gmt":"2025-05-19T14:21:31","guid":{"rendered":"https:\/\/paredinsights.org\/servicos\/"},"modified":"2025-05-19T14:21:40","modified_gmt":"2025-05-19T14:21:40","slug":"servicos","status":"publish","type":"page","link":"https:\/\/paredinsights.org\/pt-pt\/servicos\/","title":{"rendered":"Servi\u00e7os"},"content":{"rendered":"<div id=\"cs-content\" class=\"cs-content\"><\/div>\n","protected":false},"excerpt":{"rendered":"<p>SERVI\u00c7OS DE INVESTIGA\u00c7\u00c3O Mais de 80% dos estudos a n\u00edvel mundial n\u00e3o conseguem atingir os seus objectivos de recrutamento Isto deve-se frequentemente a uma combina\u00e7\u00e3o de conce\u00e7\u00e3o do estudo, or\u00e7amentos de recrutamento irrealistas e falta de envolvimento dos doentes no processo.O PARED Insights oferece uma vasta gama de tipos de apoio \u00e0 investiga\u00e7\u00e3o em diferentes escalas e intensidades, com um &#8230; <\/p>\n<div><a href=\"https:\/\/paredinsights.org\/pt-pt\/servicos\/\" class=\"more-link\">Leia mais<\/a><\/div>\n","protected":false},"author":1,"featured_media":0,"parent":0,"menu_order":0,"comment_status":"closed","ping_status":"closed","template":"template-blank-4.php","meta":{"_acf_changed":false,"footnotes":""},"class_list":["post-1450","page","type-page","status-publish","hentry","no-post-thumbnail"],"featured_image_src":null,"acf":[],"_links":{"self":[{"href":"https:\/\/paredinsights.org\/pt-pt\/wp-json\/wp\/v2\/pages\/1450","targetHints":{"allow":["GET"]}}],"collection":[{"href":"https:\/\/paredinsights.org\/pt-pt\/wp-json\/wp\/v2\/pages"}],"about":[{"href":"https:\/\/paredinsights.org\/pt-pt\/wp-json\/wp\/v2\/types\/page"}],"author":[{"embeddable":true,"href":"https:\/\/paredinsights.org\/pt-pt\/wp-json\/wp\/v2\/users\/1"}],"replies":[{"embeddable":true,"href":"https:\/\/paredinsights.org\/pt-pt\/wp-json\/wp\/v2\/comments?post=1450"}],"version-history":[{"count":1,"href":"https:\/\/paredinsights.org\/pt-pt\/wp-json\/wp\/v2\/pages\/1450\/revisions"}],"predecessor-version":[{"id":1453,"href":"https:\/\/paredinsights.org\/pt-pt\/wp-json\/wp\/v2\/pages\/1450\/revisions\/1453"}],"wp:attachment":[{"href":"https:\/\/paredinsights.org\/pt-pt\/wp-json\/wp\/v2\/media?parent=1450"}],"curies":[{"name":"wp","href":"https:\/\/api.w.org\/{rel}","templated":true}]}}