{"id":1472,"date":"2025-05-19T14:21:59","date_gmt":"2025-05-19T14:21:59","guid":{"rendered":"https:\/\/paredinsights.org\/artigos-e-meios-de-comunicacao\/"},"modified":"2025-05-19T14:22:06","modified_gmt":"2025-05-19T14:22:06","slug":"artigos-e-meios-de-comunicacao","status":"publish","type":"page","link":"https:\/\/paredinsights.org\/pt-pt\/artigos-e-meios-de-comunicacao\/","title":{"rendered":"Artigos e meios de comunica\u00e7\u00e3o"},"content":{"rendered":"<div id=\"cs-content\" class=\"cs-content\"><\/div>\n","protected":false},"excerpt":{"rendered":"<p>Artigos e meios de comunica\u00e7\u00e3o Bem-vindo \u00e0 p\u00e1gina de not\u00edcias do PARED Insights, a nossa casa para artigos de blogue e an\u00fanciosArtigos Ultrapassar os desafios do recrutamento de doentes na investiga\u00e7\u00e3o sobre a sa\u00fade das mulheres Emil Lamprecht, Maio 19, 2025PROMs: Amplificar as vozes das pacientes na investiga\u00e7\u00e3o sobre a sa\u00fade das mulheres Emil Lamprecht, Maio 19, 2025PREMs: Capturar o &#8230; <\/p>\n<div><a href=\"https:\/\/paredinsights.org\/pt-pt\/artigos-e-meios-de-comunicacao\/\" class=\"more-link\">Leia mais<\/a><\/div>\n","protected":false},"author":1,"featured_media":0,"parent":0,"menu_order":0,"comment_status":"closed","ping_status":"closed","template":"template-blank-4.php","meta":{"_acf_changed":false,"footnotes":""},"class_list":["post-1472","page","type-page","status-publish","hentry","no-post-thumbnail"],"featured_image_src":null,"acf":[],"_links":{"self":[{"href":"https:\/\/paredinsights.org\/pt-pt\/wp-json\/wp\/v2\/pages\/1472","targetHints":{"allow":["GET"]}}],"collection":[{"href":"https:\/\/paredinsights.org\/pt-pt\/wp-json\/wp\/v2\/pages"}],"about":[{"href":"https:\/\/paredinsights.org\/pt-pt\/wp-json\/wp\/v2\/types\/page"}],"author":[{"embeddable":true,"href":"https:\/\/paredinsights.org\/pt-pt\/wp-json\/wp\/v2\/users\/1"}],"replies":[{"embeddable":true,"href":"https:\/\/paredinsights.org\/pt-pt\/wp-json\/wp\/v2\/comments?post=1472"}],"version-history":[{"count":1,"href":"https:\/\/paredinsights.org\/pt-pt\/wp-json\/wp\/v2\/pages\/1472\/revisions"}],"predecessor-version":[{"id":1473,"href":"https:\/\/paredinsights.org\/pt-pt\/wp-json\/wp\/v2\/pages\/1472\/revisions\/1473"}],"wp:attachment":[{"href":"https:\/\/paredinsights.org\/pt-pt\/wp-json\/wp\/v2\/media?parent=1472"}],"curies":[{"name":"wp","href":"https:\/\/api.w.org\/{rel}","templated":true}]}}