{"id":1547,"date":"2025-05-19T16:38:39","date_gmt":"2025-05-19T16:38:39","guid":{"rendered":"https:\/\/paredinsights.org\/ferramentas-de-avaliacao\/rutiiq-questionario-de-impacto-da-infecao-recorrente-do-trato-urinario\/"},"modified":"2026-03-02T11:36:51","modified_gmt":"2026-03-02T11:36:51","slug":"rutiiq-questionario-de-impacto-da-infecao-recorrente-do-trato-urinario","status":"publish","type":"page","link":"https:\/\/paredinsights.org\/pt-pt\/ferramentas-de-avaliacao\/rutiiq-questionario-de-impacto-da-infecao-recorrente-do-trato-urinario\/","title":{"rendered":"RUTIIQ | Question\u00e1rio de Impacto da Infe\u00e7\u00e3o Recorrente do Trato Urin\u00e1rio"},"content":{"rendered":"<div id=\"cs-content\" class=\"cs-content\"><\/div>\n","protected":false},"excerpt":{"rendered":"<p>Question\u00e1rio de impacto da infe\u00e7\u00e3o recorrente do trato urin\u00e1rio Detalhes RUTIIQO Question\u00e1rio de Impacto da Infe\u00e7\u00e3o Recorrente do Trato Urin\u00e1rio (Recurrent Urinary Tract Infection Impact Questionnaire), ou RUTIIQ, \u00e9 uma medida validada de resultados relatados pelos pacientes (PROM), desenvolvida para avaliar o impacto psicossocial \u00fanico de viver com uma ITU recorrente (rUTI). As ITU recorrentes, caracterizadas por epis\u00f3dios repetidos de &#8230; <\/p>\n<div><a href=\"https:\/\/paredinsights.org\/pt-pt\/ferramentas-de-avaliacao\/rutiiq-questionario-de-impacto-da-infecao-recorrente-do-trato-urinario\/\" class=\"more-link\">Leia mais<\/a><\/div>\n","protected":false},"author":1,"featured_media":0,"parent":1422,"menu_order":0,"comment_status":"closed","ping_status":"closed","template":"template-blank-5.php","meta":{"_acf_changed":false,"footnotes":""},"class_list":["post-1547","page","type-page","status-publish","hentry","no-post-thumbnail"],"featured_image_src":null,"acf":[],"_links":{"self":[{"href":"https:\/\/paredinsights.org\/pt-pt\/wp-json\/wp\/v2\/pages\/1547","targetHints":{"allow":["GET"]}}],"collection":[{"href":"https:\/\/paredinsights.org\/pt-pt\/wp-json\/wp\/v2\/pages"}],"about":[{"href":"https:\/\/paredinsights.org\/pt-pt\/wp-json\/wp\/v2\/types\/page"}],"author":[{"embeddable":true,"href":"https:\/\/paredinsights.org\/pt-pt\/wp-json\/wp\/v2\/users\/1"}],"replies":[{"embeddable":true,"href":"https:\/\/paredinsights.org\/pt-pt\/wp-json\/wp\/v2\/comments?post=1547"}],"version-history":[{"count":4,"href":"https:\/\/paredinsights.org\/pt-pt\/wp-json\/wp\/v2\/pages\/1547\/revisions"}],"predecessor-version":[{"id":1701,"href":"https:\/\/paredinsights.org\/pt-pt\/wp-json\/wp\/v2\/pages\/1547\/revisions\/1701"}],"up":[{"embeddable":true,"href":"https:\/\/paredinsights.org\/pt-pt\/wp-json\/wp\/v2\/pages\/1422"}],"wp:attachment":[{"href":"https:\/\/paredinsights.org\/pt-pt\/wp-json\/wp\/v2\/media?parent=1547"}],"curies":[{"name":"wp","href":"https:\/\/api.w.org\/{rel}","templated":true}]}}