{"id":1571,"date":"2025-05-19T16:39:49","date_gmt":"2025-05-19T16:39:49","guid":{"rendered":"https:\/\/paredinsights.org\/ferramentas-de-avaliacao\/rutiss-escala-de-sintomas-de-infecao-recorrente-do-trato-urinario\/"},"modified":"2025-05-19T16:47:08","modified_gmt":"2025-05-19T16:47:08","slug":"rutiss-escala-de-sintomas-de-infecao-recorrente-do-trato-urinario","status":"publish","type":"page","link":"https:\/\/paredinsights.org\/pt-pt\/ferramentas-de-avaliacao\/rutiss-escala-de-sintomas-de-infecao-recorrente-do-trato-urinario\/","title":{"rendered":"RUTISS | Escala de sintomas de infe\u00e7\u00e3o recorrente do trato urin\u00e1rio"},"content":{"rendered":"<div id=\"cs-content\" class=\"cs-content\"><\/div>\n","protected":false},"excerpt":{"rendered":"<p>Question\u00e1rio de impacto da infe\u00e7\u00e3o recorrente do trato urin\u00e1rio Detalhes da RUTISSA Recurrent Urinary Tract Infection Symptom Scale (Escala de Sintomas de Infe\u00e7\u00e3o do Trato Urin\u00e1rio Recorrente), ou RUTISS, \u00e9 uma medida breve e validada de resultados comunicados pelos doentes (PROM), desenvolvida especificamente para avaliar a experi\u00eancia dos doentes em rela\u00e7\u00e3o \u00e0 gravidade dos sintomas e da dor de uma &#8230; <\/p>\n<div><a href=\"https:\/\/paredinsights.org\/pt-pt\/ferramentas-de-avaliacao\/rutiss-escala-de-sintomas-de-infecao-recorrente-do-trato-urinario\/\" class=\"more-link\">Leia mais<\/a><\/div>\n","protected":false},"author":1,"featured_media":0,"parent":1422,"menu_order":0,"comment_status":"closed","ping_status":"closed","template":"template-blank-5.php","meta":{"_acf_changed":false,"footnotes":""},"class_list":["post-1571","page","type-page","status-publish","hentry","no-post-thumbnail"],"featured_image_src":null,"acf":[],"_links":{"self":[{"href":"https:\/\/paredinsights.org\/pt-pt\/wp-json\/wp\/v2\/pages\/1571","targetHints":{"allow":["GET"]}}],"collection":[{"href":"https:\/\/paredinsights.org\/pt-pt\/wp-json\/wp\/v2\/pages"}],"about":[{"href":"https:\/\/paredinsights.org\/pt-pt\/wp-json\/wp\/v2\/types\/page"}],"author":[{"embeddable":true,"href":"https:\/\/paredinsights.org\/pt-pt\/wp-json\/wp\/v2\/users\/1"}],"replies":[{"embeddable":true,"href":"https:\/\/paredinsights.org\/pt-pt\/wp-json\/wp\/v2\/comments?post=1571"}],"version-history":[{"count":1,"href":"https:\/\/paredinsights.org\/pt-pt\/wp-json\/wp\/v2\/pages\/1571\/revisions"}],"predecessor-version":[{"id":1572,"href":"https:\/\/paredinsights.org\/pt-pt\/wp-json\/wp\/v2\/pages\/1571\/revisions\/1572"}],"up":[{"embeddable":true,"href":"https:\/\/paredinsights.org\/pt-pt\/wp-json\/wp\/v2\/pages\/1422"}],"wp:attachment":[{"href":"https:\/\/paredinsights.org\/pt-pt\/wp-json\/wp\/v2\/media?parent=1571"}],"curies":[{"name":"wp","href":"https:\/\/api.w.org\/{rel}","templated":true}]}}